{"id":832148,"date":"2025-08-07T15:29:43","date_gmt":"2025-08-07T13:29:43","guid":{"rendered":"https:\/\/lucacastelli.com\/prodotto\/milwaukee-support-lateral-9\/"},"modified":"2025-08-07T15:29:43","modified_gmt":"2025-08-07T13:29:43","slug":"milwaukee-support-lateral-9","status":"publish","type":"product","link":"https:\/\/lucacastelli.com\/fr\/produit\/milwaukee-support-lateral-9\/","title":{"rendered":"MILWAUKEE Support lat\u00e9ral"},"content":{"rendered":"<p>\u00c9TAG\u00c8RE LAT\u00c9RALE PACKOUT<br \/>\n\u00c0 monter sur les c\u00f4t\u00e9s des tours PACKOUT\u2122 pour augmenter les possibilit\u00e9s de stockage d&#8217;accessoires et d&#8217;outils;Pour ranger divers outils tels que des sets de forets, des m\u00e8tres ruban, des outils \u00e0 main, des gants ou des perceuses;Compatible avec les compartiments PACKOUT\u2122 (\u00e9tag\u00e8re) et les conteneurs PACKOUT\u2122, les plateaux magn\u00e9tiques, les sets de forets SHOCKWAVE\u2122;Mat\u00e9riau r\u00e9sistant aux chocs;Fait partie du syst\u00e8me de rangement modulaire PACKOUT\u2122<\/p>\n<p>4932498647<br \/>\n4058546525163<\/p>\n","protected":false},"excerpt":{"rendered":"<p>\u00c9TAG\u00c8RE LAT\u00c9RALE PACKOUT<\/p>\n","protected":false},"featured_media":589455,"template":"","meta":{"_seopress_robots_primary_cat":"","_seopress_titles_title":"","_seopress_titles_desc":"","_seopress_robots_index":""},"product_brand":[3407],"product_cat":[5416,33],"product_tag":[3270],"class_list":{"0":"post-832148","1":"product","2":"type-product","3":"status-publish","4":"has-post-thumbnail","6":"product_brand-milwaukee","7":"product_cat-utensili-per-officina","8":"product_cat-attrezzature","9":"product_tag-import-milwau","10":"sws-conto-ricavi-merci-rivendita-macchinari-fr","11":"sws-gruppo-iva-iva81-fr","13":"first","14":"onbackorder","15":"sale","16":"shipping-taxable","17":"purchasable","18":"product-type-simple"},"_links":{"self":[{"href":"https:\/\/lucacastelli.com\/fr\/wp-json\/wp\/v2\/product\/832148","targetHints":{"allow":["GET"]}}],"collection":[{"href":"https:\/\/lucacastelli.com\/fr\/wp-json\/wp\/v2\/product"}],"about":[{"href":"https:\/\/lucacastelli.com\/fr\/wp-json\/wp\/v2\/types\/product"}],"wp:featuredmedia":[{"embeddable":true,"href":"https:\/\/lucacastelli.com\/fr\/wp-json\/wp\/v2\/media\/589455"}],"wp:attachment":[{"href":"https:\/\/lucacastelli.com\/fr\/wp-json\/wp\/v2\/media?parent=832148"}],"wp:term":[{"taxonomy":"product_brand","embeddable":true,"href":"https:\/\/lucacastelli.com\/fr\/wp-json\/wp\/v2\/product_brand?post=832148"},{"taxonomy":"product_cat","embeddable":true,"href":"https:\/\/lucacastelli.com\/fr\/wp-json\/wp\/v2\/product_cat?post=832148"},{"taxonomy":"product_tag","embeddable":true,"href":"https:\/\/lucacastelli.com\/fr\/wp-json\/wp\/v2\/product_tag?post=832148"}],"curies":[{"name":"wp","href":"https:\/\/api.w.org\/{rel}","templated":true}]}}