{"id":832145,"date":"2025-08-07T15:45:55","date_gmt":"2025-08-07T13:45:55","guid":{"rendered":"https:\/\/lucacastelli.com\/prodotto\/milwaukee-accessoires-speciaux-de-nettoyage-premium-systeme-velcro-5\/"},"modified":"2025-08-07T15:45:55","modified_gmt":"2025-08-07T13:45:55","slug":"milwaukee-accessoires-speciaux-de-nettoyage-premium-systeme-velcro-5","status":"publish","type":"product","link":"https:\/\/lucacastelli.com\/fr\/produit\/milwaukee-accessoires-speciaux-de-nettoyage-premium-systeme-velcro-5\/","title":{"rendered":"MILWAUKEE Accessoires sp\u00e9ciaux de nettoyage PREMIUM &#8211; syst\u00e8me velcro"},"content":{"rendered":"<p>PANT P\u00c2TE ROUGE 400X400MM-2PC<br \/>\nFacile \u00e0 utiliser : code couleur pour p\u00e2te abrasive, \u00e9ponge et chiffon afin d&#8217;\u00e9viter toute confusion et pr\u00e9venir la contamination de diff\u00e9rents compos\u00e9s abrasifs ; PANT Rouge pour l&#8217;\u00e9limination des rayures profondes \u00e0 micro<\/p>\n<p>4932492306<br \/>\n4058546416737<\/p>\n","protected":false},"excerpt":{"rendered":"<p>PANT P\u00c2TE ROUGE 400X400MM-2PC<\/p>\n","protected":false},"featured_media":597918,"template":"","meta":{"_seopress_robots_primary_cat":"","_seopress_titles_title":"","_seopress_titles_desc":"","_seopress_robots_index":""},"product_brand":[3658],"product_cat":[5417,144],"product_tag":[3273],"class_list":{"0":"post-832145","1":"product","2":"type-product","3":"status-publish","4":"has-post-thumbnail","6":"product_brand-milwaukee-fr","7":"product_cat-outils-pour-atelier","8":"product_cat-equipement","9":"product_tag-import-milwau-fr","10":"sws-conto-ricavi-merci-rivendita-macchinari-fr","11":"sws-gruppo-iva-iva81-fr","13":"first","14":"onbackorder","15":"shipping-taxable","16":"purchasable","17":"product-type-simple"},"_links":{"self":[{"href":"https:\/\/lucacastelli.com\/fr\/wp-json\/wp\/v2\/product\/832145","targetHints":{"allow":["GET"]}}],"collection":[{"href":"https:\/\/lucacastelli.com\/fr\/wp-json\/wp\/v2\/product"}],"about":[{"href":"https:\/\/lucacastelli.com\/fr\/wp-json\/wp\/v2\/types\/product"}],"wp:featuredmedia":[{"embeddable":true,"href":"https:\/\/lucacastelli.com\/fr\/wp-json\/wp\/v2\/media\/597918"}],"wp:attachment":[{"href":"https:\/\/lucacastelli.com\/fr\/wp-json\/wp\/v2\/media?parent=832145"}],"wp:term":[{"taxonomy":"product_brand","embeddable":true,"href":"https:\/\/lucacastelli.com\/fr\/wp-json\/wp\/v2\/product_brand?post=832145"},{"taxonomy":"product_cat","embeddable":true,"href":"https:\/\/lucacastelli.com\/fr\/wp-json\/wp\/v2\/product_cat?post=832145"},{"taxonomy":"product_tag","embeddable":true,"href":"https:\/\/lucacastelli.com\/fr\/wp-json\/wp\/v2\/product_tag?post=832145"}],"curies":[{"name":"wp","href":"https:\/\/api.w.org\/{rel}","templated":true}]}}