{"id":832142,"date":"2025-08-07T15:29:42","date_gmt":"2025-08-07T13:29:42","guid":{"rendered":"https:\/\/lucacastelli.com\/prodotto\/milwaukee-support-lateral-8\/"},"modified":"2025-08-07T15:29:42","modified_gmt":"2025-08-07T13:29:42","slug":"milwaukee-support-lateral-8","status":"publish","type":"product","link":"https:\/\/lucacastelli.com\/fr\/produit\/milwaukee-support-lateral-8\/","title":{"rendered":"MILWAUKEE Support lat\u00e9ral"},"content":{"rendered":"<p>PLAQUE DE RANGEMENT LAT\u00c9RALE PACKOUT<br \/>\n\u00c0 monter sur les c\u00f4t\u00e9s des tours PACKOUT\u2122 pour augmenter les possibilit\u00e9s de rangement d&#8217;accessoires et d&#8217;outils;Pour accrocher tous les produits PACKOUT\u2122 pour l&#8217;atelier et les produits compacts comme le PACKOUT\u2122 Compact Organiser.;Mat\u00e9riau r\u00e9sistant aux chocs;Fait partie du syst\u00e8me de rangement modulaire PACKOUT\u2122<\/p>\n<p>4932498648<br \/>\n4058546525170<\/p>\n","protected":false},"excerpt":{"rendered":"<p>PLAQUE DE RANGEMENT LAT\u00c9RALE PACKOUT<\/p>\n","protected":false},"featured_media":589464,"template":"","meta":{"_seopress_robots_primary_cat":"","_seopress_titles_title":"","_seopress_titles_desc":"","_seopress_robots_index":""},"product_brand":[3407],"product_cat":[5416,33],"product_tag":[3270],"class_list":{"0":"post-832142","1":"product","2":"type-product","3":"status-publish","4":"has-post-thumbnail","6":"product_brand-milwaukee","7":"product_cat-utensili-per-officina","8":"product_cat-attrezzature","9":"product_tag-import-milwau","10":"sws-conto-ricavi-merci-rivendita-macchinari-fr","11":"sws-gruppo-iva-iva81-fr","13":"first","14":"onbackorder","15":"sale","16":"shipping-taxable","17":"purchasable","18":"product-type-simple"},"_links":{"self":[{"href":"https:\/\/lucacastelli.com\/fr\/wp-json\/wp\/v2\/product\/832142","targetHints":{"allow":["GET"]}}],"collection":[{"href":"https:\/\/lucacastelli.com\/fr\/wp-json\/wp\/v2\/product"}],"about":[{"href":"https:\/\/lucacastelli.com\/fr\/wp-json\/wp\/v2\/types\/product"}],"wp:featuredmedia":[{"embeddable":true,"href":"https:\/\/lucacastelli.com\/fr\/wp-json\/wp\/v2\/media\/589464"}],"wp:attachment":[{"href":"https:\/\/lucacastelli.com\/fr\/wp-json\/wp\/v2\/media?parent=832142"}],"wp:term":[{"taxonomy":"product_brand","embeddable":true,"href":"https:\/\/lucacastelli.com\/fr\/wp-json\/wp\/v2\/product_brand?post=832142"},{"taxonomy":"product_cat","embeddable":true,"href":"https:\/\/lucacastelli.com\/fr\/wp-json\/wp\/v2\/product_cat?post=832142"},{"taxonomy":"product_tag","embeddable":true,"href":"https:\/\/lucacastelli.com\/fr\/wp-json\/wp\/v2\/product_tag?post=832142"}],"curies":[{"name":"wp","href":"https:\/\/api.w.org\/{rel}","templated":true}]}}