{"id":832138,"date":"2025-08-07T15:29:48","date_gmt":"2025-08-07T13:29:48","guid":{"rendered":"https:\/\/lucacastelli.com\/prodotto\/milwaukee-set-de-demarrage-3\/"},"modified":"2025-08-07T15:29:48","modified_gmt":"2025-08-07T13:29:48","slug":"milwaukee-set-de-demarrage-3","status":"publish","type":"product","link":"https:\/\/lucacastelli.com\/fr\/produit\/milwaukee-set-de-demarrage-3\/","title":{"rendered":"MILWAUKEE Set de d\u00e9marrage 3"},"content":{"rendered":"<p>SET DE D\u00c9MARRAGE PACKOUT AVEC TIROIRS &#8211; 3 PCS<br \/>\nFait partie du syst\u00e8me de rangement modulaire PACKOUT\u2122 ; Fabriqu\u00e9 en polym\u00e8re r\u00e9sistant qui augmente la r\u00e9sistance aux chocs sur le chantier ; Syst\u00e8me de protection contre la pluie et les d\u00e9bris IP65 ; Coins renforc\u00e9s en m\u00e9tal ; Fermeture renforc\u00e9e en m\u00e9tal ; Pr\u00e9sence de bacs internes pratiques ; Pr\u00e9paration pour le ONE-KEY\u2122 TICK\u2122 ; Poign\u00e9e de transport suppl\u00e9mentaire en m\u00e9tal dans le couvercle de la grande valise pour faciliter le transport<\/p>\n<p>4932498984<br \/>\n4058546528539<\/p>\n","protected":false},"excerpt":{"rendered":"<p>SET DE D\u00c9MARRAGE PACKOUT AVEC TIROIRS &#8211; 3 PCS<\/p>\n","protected":false},"featured_media":589404,"template":"","meta":{"_seopress_robots_primary_cat":"","_seopress_titles_title":"","_seopress_titles_desc":"","_seopress_robots_index":""},"product_brand":[3407],"product_cat":[5416,33],"product_tag":[3270],"class_list":{"0":"post-832138","1":"product","2":"type-product","3":"status-publish","4":"has-post-thumbnail","6":"product_brand-milwaukee","7":"product_cat-utensili-per-officina","8":"product_cat-attrezzature","9":"product_tag-import-milwau","10":"sws-conto-ricavi-merci-rivendita-macchinari-fr","11":"sws-gruppo-iva-iva81-fr","13":"first","14":"onbackorder","15":"sale","16":"shipping-taxable","17":"purchasable","18":"product-type-simple"},"_links":{"self":[{"href":"https:\/\/lucacastelli.com\/fr\/wp-json\/wp\/v2\/product\/832138","targetHints":{"allow":["GET"]}}],"collection":[{"href":"https:\/\/lucacastelli.com\/fr\/wp-json\/wp\/v2\/product"}],"about":[{"href":"https:\/\/lucacastelli.com\/fr\/wp-json\/wp\/v2\/types\/product"}],"wp:featuredmedia":[{"embeddable":true,"href":"https:\/\/lucacastelli.com\/fr\/wp-json\/wp\/v2\/media\/589404"}],"wp:attachment":[{"href":"https:\/\/lucacastelli.com\/fr\/wp-json\/wp\/v2\/media?parent=832138"}],"wp:term":[{"taxonomy":"product_brand","embeddable":true,"href":"https:\/\/lucacastelli.com\/fr\/wp-json\/wp\/v2\/product_brand?post=832138"},{"taxonomy":"product_cat","embeddable":true,"href":"https:\/\/lucacastelli.com\/fr\/wp-json\/wp\/v2\/product_cat?post=832138"},{"taxonomy":"product_tag","embeddable":true,"href":"https:\/\/lucacastelli.com\/fr\/wp-json\/wp\/v2\/product_tag?post=832138"}],"curies":[{"name":"wp","href":"https:\/\/api.w.org\/{rel}","templated":true}]}}