{"id":832134,"date":"2025-08-07T15:47:15","date_gmt":"2025-08-07T13:47:15","guid":{"rendered":"https:\/\/lucacastelli.com\/prodotto\/milwaukee-accessoires-de-nettoyage-speciaux-premium-systeme-velcro-4\/"},"modified":"2025-08-07T15:47:15","modified_gmt":"2025-08-07T13:47:15","slug":"milwaukee-accessoires-de-nettoyage-speciaux-premium-systeme-velcro-4","status":"publish","type":"product","link":"https:\/\/lucacastelli.com\/fr\/produit\/milwaukee-accessoires-de-nettoyage-speciaux-premium-systeme-velcro-4\/","title":{"rendered":"MILWAUKEE Accessoires de nettoyage sp\u00e9ciaux PREMIUM &#8211; syst\u00e8me velcro"},"content":{"rendered":"<p>\u00c9PONGE JAUNE &#8211; FINE 140\/20MM-2PZ<br \/>\nFacile \u00e0 utiliser : code couleur pour p\u00e2te abrasive, \u00e9ponge et chiffon afin d\u2019\u00e9viter toute confusion et pr\u00e9venir la contamination de diff\u00e9rents compos\u00e9s abrasifs ; \u00c9ponge jaune pour l\u2019\u00e9limination des hologrammes ; \u00c9ponge de 20 mm d\u2019\u00e9paisseur recommand\u00e9e pour les polisseuses roto-orbitales ; Made in Germany<\/p>\n<p>4932492311<br \/>\n4058546416782<\/p>\n","protected":false},"excerpt":{"rendered":"<p>\u00c9PONGE JAUNE &#8211; FINE 140\/20MM-2PZ<\/p>\n","protected":false},"featured_media":555765,"template":"","meta":{"_seopress_robots_primary_cat":"","_seopress_titles_title":"","_seopress_titles_desc":"","_seopress_robots_index":""},"product_brand":[3658],"product_cat":[5417,144],"product_tag":[3273],"class_list":{"0":"post-832134","1":"product","2":"type-product","3":"status-publish","4":"has-post-thumbnail","6":"product_brand-milwaukee-fr","7":"product_cat-outils-pour-atelier","8":"product_cat-equipement","9":"product_tag-import-milwau-fr","10":"sws-conto-ricavi-merci-rivendita-macchinari-fr","11":"sws-gruppo-iva-iva81-fr","13":"first","14":"onbackorder","15":"sale","16":"shipping-taxable","17":"purchasable","18":"product-type-simple"},"_links":{"self":[{"href":"https:\/\/lucacastelli.com\/fr\/wp-json\/wp\/v2\/product\/832134","targetHints":{"allow":["GET"]}}],"collection":[{"href":"https:\/\/lucacastelli.com\/fr\/wp-json\/wp\/v2\/product"}],"about":[{"href":"https:\/\/lucacastelli.com\/fr\/wp-json\/wp\/v2\/types\/product"}],"wp:featuredmedia":[{"embeddable":true,"href":"https:\/\/lucacastelli.com\/fr\/wp-json\/wp\/v2\/media\/555765"}],"wp:attachment":[{"href":"https:\/\/lucacastelli.com\/fr\/wp-json\/wp\/v2\/media?parent=832134"}],"wp:term":[{"taxonomy":"product_brand","embeddable":true,"href":"https:\/\/lucacastelli.com\/fr\/wp-json\/wp\/v2\/product_brand?post=832134"},{"taxonomy":"product_cat","embeddable":true,"href":"https:\/\/lucacastelli.com\/fr\/wp-json\/wp\/v2\/product_cat?post=832134"},{"taxonomy":"product_tag","embeddable":true,"href":"https:\/\/lucacastelli.com\/fr\/wp-json\/wp\/v2\/product_tag?post=832134"}],"curies":[{"name":"wp","href":"https:\/\/api.w.org\/{rel}","templated":true}]}}