{"id":832133,"date":"2025-08-07T15:47:13","date_gmt":"2025-08-07T13:47:13","guid":{"rendered":"https:\/\/lucacastelli.com\/prodotto\/milwaukee-accessoires-de-nettoyage-speciaux-premium-systeme-velcro-3\/"},"modified":"2025-08-07T15:47:13","modified_gmt":"2025-08-07T13:47:13","slug":"milwaukee-accessoires-de-nettoyage-speciaux-premium-systeme-velcro-3","status":"publish","type":"product","link":"https:\/\/lucacastelli.com\/fr\/produit\/milwaukee-accessoires-de-nettoyage-speciaux-premium-systeme-velcro-3\/","title":{"rendered":"MILWAUKEE Accessoires de nettoyage sp\u00e9ciaux PREMIUM &#8211; syst\u00e8me velcro"},"content":{"rendered":"<p>CHIFFON P\u00c2TE BLEU 400X400mm-2PZ<br \/>\nFacile \u00e0 utiliser : code couleur pour la p\u00e2te abrasive, l\u2019\u00e9ponge et le chiffon afin d\u2019\u00e9viter toute confusion et de pr\u00e9venir la contamination de diff\u00e9rents compos\u00e9s abrasifs ; Chiffon Bleu pour la meilleure finition brillante<\/p>\n<p>4932492308<br \/>\n4058546416751<\/p>\n","protected":false},"excerpt":{"rendered":"<p>CHIFFON P\u00c2TE BLEU 400X400mm-2PZ<\/p>\n","protected":false},"featured_media":555765,"template":"","meta":{"_seopress_robots_primary_cat":"","_seopress_titles_title":"","_seopress_titles_desc":"","_seopress_robots_index":""},"product_brand":[3658],"product_cat":[5417,144],"product_tag":[3273],"class_list":{"0":"post-832133","1":"product","2":"type-product","3":"status-publish","4":"has-post-thumbnail","6":"product_brand-milwaukee-fr","7":"product_cat-outils-pour-atelier","8":"product_cat-equipement","9":"product_tag-import-milwau-fr","10":"sws-conto-ricavi-merci-rivendita-macchinari-fr","11":"sws-gruppo-iva-iva81-fr","13":"first","14":"onbackorder","15":"sale","16":"shipping-taxable","17":"purchasable","18":"product-type-simple"},"_links":{"self":[{"href":"https:\/\/lucacastelli.com\/fr\/wp-json\/wp\/v2\/product\/832133","targetHints":{"allow":["GET"]}}],"collection":[{"href":"https:\/\/lucacastelli.com\/fr\/wp-json\/wp\/v2\/product"}],"about":[{"href":"https:\/\/lucacastelli.com\/fr\/wp-json\/wp\/v2\/types\/product"}],"wp:featuredmedia":[{"embeddable":true,"href":"https:\/\/lucacastelli.com\/fr\/wp-json\/wp\/v2\/media\/555765"}],"wp:attachment":[{"href":"https:\/\/lucacastelli.com\/fr\/wp-json\/wp\/v2\/media?parent=832133"}],"wp:term":[{"taxonomy":"product_brand","embeddable":true,"href":"https:\/\/lucacastelli.com\/fr\/wp-json\/wp\/v2\/product_brand?post=832133"},{"taxonomy":"product_cat","embeddable":true,"href":"https:\/\/lucacastelli.com\/fr\/wp-json\/wp\/v2\/product_cat?post=832133"},{"taxonomy":"product_tag","embeddable":true,"href":"https:\/\/lucacastelli.com\/fr\/wp-json\/wp\/v2\/product_tag?post=832133"}],"curies":[{"name":"wp","href":"https:\/\/api.w.org\/{rel}","templated":true}]}}