{"id":832127,"date":"2025-08-07T15:47:17","date_gmt":"2025-08-07T13:47:17","guid":{"rendered":"https:\/\/lucacastelli.com\/prodotto\/milwaukee-accessoires-speciaux-de-nettoyage-premium-systeme-velcro-4\/"},"modified":"2025-08-07T15:47:17","modified_gmt":"2025-08-07T13:47:17","slug":"milwaukee-accessoires-speciaux-de-nettoyage-premium-systeme-velcro-4","status":"publish","type":"product","link":"https:\/\/lucacastelli.com\/fr\/produit\/milwaukee-accessoires-speciaux-de-nettoyage-premium-systeme-velcro-4\/","title":{"rendered":"MILWAUKEE Accessoires sp\u00e9ciaux de nettoyage PREMIUM &#8211; syst\u00e8me velcro"},"content":{"rendered":"<p>\u00c9PONGE ROUGE &#8211; GROSSI\u00c8RE 160\/20MM-2PCS<br \/>\nFacile \u00e0 utiliser : codage couleur pour p\u00e2te abrasive, \u00e9ponge et chiffon pour \u00e9viter toute confusion et pr\u00e9venir la contamination de diff\u00e9rents compos\u00e9s abrasifs ; \u00c9ponge rouge pour l&#8217;\u00e9limination des rayures profondes \u00e0 micro ; \u00c9ponge \u00e9paisse de 20 mm recommand\u00e9e pour polisseuses roto-orbitales ; Made in Germany<\/p>\n<p>4932492316<br \/>\n4058546416836<\/p>\n","protected":false},"excerpt":{"rendered":"<p>\u00c9PONGE ROUGE &#8211; GROSSI\u00c8RE 160\/20MM-2PCS<\/p>\n","protected":false},"featured_media":555765,"template":"","meta":{"_seopress_robots_primary_cat":"","_seopress_titles_title":"","_seopress_titles_desc":"","_seopress_robots_index":""},"product_brand":[3407],"product_cat":[5416,33],"product_tag":[3270],"class_list":{"0":"post-832127","1":"product","2":"type-product","3":"status-publish","4":"has-post-thumbnail","6":"product_brand-milwaukee","7":"product_cat-utensili-per-officina","8":"product_cat-attrezzature","9":"product_tag-import-milwau","10":"sws-conto-ricavi-merci-rivendita-macchinari-fr","11":"sws-gruppo-iva-iva81-fr","13":"first","14":"onbackorder","15":"sale","16":"shipping-taxable","17":"purchasable","18":"product-type-simple"},"_links":{"self":[{"href":"https:\/\/lucacastelli.com\/fr\/wp-json\/wp\/v2\/product\/832127","targetHints":{"allow":["GET"]}}],"collection":[{"href":"https:\/\/lucacastelli.com\/fr\/wp-json\/wp\/v2\/product"}],"about":[{"href":"https:\/\/lucacastelli.com\/fr\/wp-json\/wp\/v2\/types\/product"}],"wp:featuredmedia":[{"embeddable":true,"href":"https:\/\/lucacastelli.com\/fr\/wp-json\/wp\/v2\/media\/555765"}],"wp:attachment":[{"href":"https:\/\/lucacastelli.com\/fr\/wp-json\/wp\/v2\/media?parent=832127"}],"wp:term":[{"taxonomy":"product_brand","embeddable":true,"href":"https:\/\/lucacastelli.com\/fr\/wp-json\/wp\/v2\/product_brand?post=832127"},{"taxonomy":"product_cat","embeddable":true,"href":"https:\/\/lucacastelli.com\/fr\/wp-json\/wp\/v2\/product_cat?post=832127"},{"taxonomy":"product_tag","embeddable":true,"href":"https:\/\/lucacastelli.com\/fr\/wp-json\/wp\/v2\/product_tag?post=832127"}],"curies":[{"name":"wp","href":"https:\/\/api.w.org\/{rel}","templated":true}]}}