{"id":832115,"date":"2025-08-07T15:56:17","date_gmt":"2025-08-07T13:56:17","guid":{"rendered":"https:\/\/lucacastelli.com\/prodotto\/milwaukee-casquette-trucker-noir\/"},"modified":"2025-08-07T15:56:17","modified_gmt":"2025-08-07T13:56:17","slug":"milwaukee-casquette-trucker-noir","status":"publish","type":"product","link":"https:\/\/lucacastelli.com\/fr\/produit\/milwaukee-casquette-trucker-noir\/","title":{"rendered":"MILWAUKEE CASQUETTE TRUCKER &#8211; NOIR"},"content":{"rendered":"<p>STCBL CASQUETTE TRUCKER NOIR<br \/>\nCouvre-chef l\u00e9ger pour se prot\u00e9ger du soleil, sur le lieu de travail ou en dehors ; Le polyester Ripstop sur la partie frontale offre une durabilit\u00e9 et une robustesse accrues ; Mat\u00e9riau en maille respirante pour une excellente ventilation ; Syst\u00e8me de r\u00e9glage Snapback pour s\u2019adapter \u00e0 toutes les tailles de t\u00eate<\/p>\n<p>4932493107<br \/>\n4058546479787<\/p>\n","protected":false},"excerpt":{"rendered":"<p>STCBL CASQUETTE TRUCKER NOIR<\/p>\n","protected":false},"featured_media":560415,"template":"","meta":{"_seopress_robots_primary_cat":"","_seopress_titles_title":"","_seopress_titles_desc":"","_seopress_robots_index":""},"product_brand":[3658],"product_cat":[5417,144],"product_tag":[3273],"class_list":{"0":"post-832115","1":"product","2":"type-product","3":"status-publish","4":"has-post-thumbnail","6":"product_brand-milwaukee-fr","7":"product_cat-outils-pour-atelier","8":"product_cat-equipement","9":"product_tag-import-milwau-fr","10":"sws-conto-ricavi-merci-rivendita-macchinari-fr","11":"sws-gruppo-iva-iva81-fr","13":"first","14":"onbackorder","15":"sale","16":"shipping-taxable","17":"purchasable","18":"product-type-simple"},"_links":{"self":[{"href":"https:\/\/lucacastelli.com\/fr\/wp-json\/wp\/v2\/product\/832115","targetHints":{"allow":["GET"]}}],"collection":[{"href":"https:\/\/lucacastelli.com\/fr\/wp-json\/wp\/v2\/product"}],"about":[{"href":"https:\/\/lucacastelli.com\/fr\/wp-json\/wp\/v2\/types\/product"}],"wp:featuredmedia":[{"embeddable":true,"href":"https:\/\/lucacastelli.com\/fr\/wp-json\/wp\/v2\/media\/560415"}],"wp:attachment":[{"href":"https:\/\/lucacastelli.com\/fr\/wp-json\/wp\/v2\/media?parent=832115"}],"wp:term":[{"taxonomy":"product_brand","embeddable":true,"href":"https:\/\/lucacastelli.com\/fr\/wp-json\/wp\/v2\/product_brand?post=832115"},{"taxonomy":"product_cat","embeddable":true,"href":"https:\/\/lucacastelli.com\/fr\/wp-json\/wp\/v2\/product_cat?post=832115"},{"taxonomy":"product_tag","embeddable":true,"href":"https:\/\/lucacastelli.com\/fr\/wp-json\/wp\/v2\/product_tag?post=832115"}],"curies":[{"name":"wp","href":"https:\/\/api.w.org\/{rel}","templated":true}]}}