{"id":832110,"date":"2025-08-07T15:56:20","date_gmt":"2025-08-07T13:56:20","guid":{"rendered":"https:\/\/lucacastelli.com\/prodotto\/milwaukee-casquette-performance-4\/"},"modified":"2025-08-07T15:56:20","modified_gmt":"2025-08-07T13:56:20","slug":"milwaukee-casquette-performance-4","status":"publish","type":"product","link":"https:\/\/lucacastelli.com\/fr\/produit\/milwaukee-casquette-performance-4\/","title":{"rendered":"MILWAUKEE CASQUETTE PERFORMANCE"},"content":{"rendered":"<p>BCPBLU-S\/M CASQUETTE PERFORM. BLEU-NOIR<br \/>\nL\u00e9g\u00e8re pour prot\u00e9ger du soleil, \u00e0 l&#8217;int\u00e9rieur ou \u00e0 l&#8217;ext\u00e9rieur du lieu de travail ; Restez au frais, le tissu s\u00e8che et \u00e9vacue rapidement l&#8217;humidit\u00e9 ; Protection contre les rayons UV nocifs UPF 50+ selon EN 13758-1 <\/p>\n<p>4932493105<br \/>\n4058546479763<\/p>\n","protected":false},"excerpt":{"rendered":"<p>BCPBLU-S\/M CASQUETTE PERFORM. BLEU-NOIR <\/p>\n","protected":false},"featured_media":560381,"template":"","meta":{"_seopress_robots_primary_cat":"","_seopress_titles_title":"","_seopress_titles_desc":"","_seopress_robots_index":""},"product_brand":[3658],"product_cat":[5417,144],"product_tag":[3273],"class_list":{"0":"post-832110","1":"product","2":"type-product","3":"status-publish","4":"has-post-thumbnail","6":"product_brand-milwaukee-fr","7":"product_cat-outils-pour-atelier","8":"product_cat-equipement","9":"product_tag-import-milwau-fr","10":"sws-conto-ricavi-merci-rivendita-macchinari-fr","11":"sws-gruppo-iva-iva81-fr","13":"first","14":"onbackorder","15":"sale","16":"shipping-taxable","17":"purchasable","18":"product-type-simple"},"_links":{"self":[{"href":"https:\/\/lucacastelli.com\/fr\/wp-json\/wp\/v2\/product\/832110","targetHints":{"allow":["GET"]}}],"collection":[{"href":"https:\/\/lucacastelli.com\/fr\/wp-json\/wp\/v2\/product"}],"about":[{"href":"https:\/\/lucacastelli.com\/fr\/wp-json\/wp\/v2\/types\/product"}],"wp:featuredmedia":[{"embeddable":true,"href":"https:\/\/lucacastelli.com\/fr\/wp-json\/wp\/v2\/media\/560381"}],"wp:attachment":[{"href":"https:\/\/lucacastelli.com\/fr\/wp-json\/wp\/v2\/media?parent=832110"}],"wp:term":[{"taxonomy":"product_brand","embeddable":true,"href":"https:\/\/lucacastelli.com\/fr\/wp-json\/wp\/v2\/product_brand?post=832110"},{"taxonomy":"product_cat","embeddable":true,"href":"https:\/\/lucacastelli.com\/fr\/wp-json\/wp\/v2\/product_cat?post=832110"},{"taxonomy":"product_tag","embeddable":true,"href":"https:\/\/lucacastelli.com\/fr\/wp-json\/wp\/v2\/product_tag?post=832110"}],"curies":[{"name":"wp","href":"https:\/\/api.w.org\/{rel}","templated":true}]}}