{"id":832106,"date":"2025-08-07T15:56:24","date_gmt":"2025-08-07T13:56:24","guid":{"rendered":"https:\/\/lucacastelli.com\/prodotto\/milwaukee-casquette-performance-3\/"},"modified":"2025-08-07T15:56:24","modified_gmt":"2025-08-07T13:56:24","slug":"milwaukee-casquette-performance-3","status":"publish","type":"product","link":"https:\/\/lucacastelli.com\/fr\/produit\/milwaukee-casquette-performance-3\/","title":{"rendered":"MILWAUKEE CASQUETTE PERFORMANCE"},"content":{"rendered":"<p>BCPGR-S\/M CASQUETTE PERFORM. GRI-BLA<br \/>\nL\u00e9g\u00e8re pour prot\u00e9ger du soleil, \u00e0 l&#8217;int\u00e9rieur ou \u00e0 l&#8217;ext\u00e9rieur du lieu de travail;Restez au frais, le tissu s\u00e8che et \u00e9vacue rapidement l&#8217;humidit\u00e9;Protection contre les rayons UV nocifs UPF 50+ selon EN 13758-1 <\/p>\n<p>4932493101<br \/>\n4058546479725<\/p>\n","protected":false},"excerpt":{"rendered":"<p>BCPGR-S\/M CASQUETTE PERFORM. GRI-BLA <\/p>\n","protected":false},"featured_media":560301,"template":"","meta":{"_seopress_robots_primary_cat":"","_seopress_titles_title":"","_seopress_titles_desc":"","_seopress_robots_index":""},"product_brand":[3407],"product_cat":[5416,33],"product_tag":[3270],"class_list":{"0":"post-832106","1":"product","2":"type-product","3":"status-publish","4":"has-post-thumbnail","6":"product_brand-milwaukee","7":"product_cat-utensili-per-officina","8":"product_cat-attrezzature","9":"product_tag-import-milwau","10":"sws-conto-ricavi-merci-rivendita-macchinari-fr","11":"sws-gruppo-iva-iva81-fr","13":"first","14":"onbackorder","15":"sale","16":"shipping-taxable","17":"purchasable","18":"product-type-simple"},"_links":{"self":[{"href":"https:\/\/lucacastelli.com\/fr\/wp-json\/wp\/v2\/product\/832106","targetHints":{"allow":["GET"]}}],"collection":[{"href":"https:\/\/lucacastelli.com\/fr\/wp-json\/wp\/v2\/product"}],"about":[{"href":"https:\/\/lucacastelli.com\/fr\/wp-json\/wp\/v2\/types\/product"}],"wp:featuredmedia":[{"embeddable":true,"href":"https:\/\/lucacastelli.com\/fr\/wp-json\/wp\/v2\/media\/560301"}],"wp:attachment":[{"href":"https:\/\/lucacastelli.com\/fr\/wp-json\/wp\/v2\/media?parent=832106"}],"wp:term":[{"taxonomy":"product_brand","embeddable":true,"href":"https:\/\/lucacastelli.com\/fr\/wp-json\/wp\/v2\/product_brand?post=832106"},{"taxonomy":"product_cat","embeddable":true,"href":"https:\/\/lucacastelli.com\/fr\/wp-json\/wp\/v2\/product_cat?post=832106"},{"taxonomy":"product_tag","embeddable":true,"href":"https:\/\/lucacastelli.com\/fr\/wp-json\/wp\/v2\/product_tag?post=832106"}],"curies":[{"name":"wp","href":"https:\/\/api.w.org\/{rel}","templated":true}]}}