{"id":832103,"date":"2025-08-07T20:02:43","date_gmt":"2025-08-07T18:02:43","guid":{"rendered":"https:\/\/lucacastelli.com\/prodotto\/milwaukee-douilles-males-a-machine-de-1-2%cb%9d-empreinte-hex\/"},"modified":"2025-08-07T20:02:43","modified_gmt":"2025-08-07T18:02:43","slug":"milwaukee-douilles-males-a-machine-de-1-2%cb%9d-empreinte-hex","status":"publish","type":"product","link":"https:\/\/lucacastelli.com\/fr\/produit\/milwaukee-douilles-males-a-machine-de-1-2%cb%9d-empreinte-hex\/","title":{"rendered":"MILWAUKEE Douilles m\u00e2les \u00e0 machine de 1\/2\u02dd empreinte HEX"},"content":{"rendered":"<p>DOUILLE M\u00c2LE MACHINE 1\/2 POUR HEX12 1pce<br \/>\nDesign monobloc avec empreinte HEX et carr\u00e9 d&#8217;entra\u00eenement 1\/2Zoll. Normes DIN 3121 \/ ISO 1174-2 ; Utilisable sur toutes les applications \u00e0 couple \u00e9lev\u00e9, se fixe directement sur l&#8217;entra\u00eenement de la visseuse \u00e0 chocs de 1\/2Zoll <\/p>\n<p>4932478067<br \/>\n4058546340001<\/p>\n","protected":false},"excerpt":{"rendered":"<p>DOUILLE M\u00c2LE MACHINE 1\/2 POUR HEX12 1pce<\/p>\n","protected":false},"featured_media":539864,"template":"","meta":{"_seopress_robots_primary_cat":"","_seopress_titles_title":"","_seopress_titles_desc":"","_seopress_robots_index":""},"product_brand":[3658],"product_cat":[5417,144],"product_tag":[3273],"class_list":{"0":"post-832103","1":"product","2":"type-product","3":"status-publish","4":"has-post-thumbnail","6":"product_brand-milwaukee-fr","7":"product_cat-outils-pour-atelier","8":"product_cat-equipement","9":"product_tag-import-milwau-fr","10":"sws-conto-ricavi-merci-rivendita-macchinari-fr","11":"sws-gruppo-iva-iva81-fr","13":"first","14":"onbackorder","15":"sale","16":"shipping-taxable","17":"purchasable","18":"product-type-simple"},"_links":{"self":[{"href":"https:\/\/lucacastelli.com\/fr\/wp-json\/wp\/v2\/product\/832103","targetHints":{"allow":["GET"]}}],"collection":[{"href":"https:\/\/lucacastelli.com\/fr\/wp-json\/wp\/v2\/product"}],"about":[{"href":"https:\/\/lucacastelli.com\/fr\/wp-json\/wp\/v2\/types\/product"}],"wp:featuredmedia":[{"embeddable":true,"href":"https:\/\/lucacastelli.com\/fr\/wp-json\/wp\/v2\/media\/539864"}],"wp:attachment":[{"href":"https:\/\/lucacastelli.com\/fr\/wp-json\/wp\/v2\/media?parent=832103"}],"wp:term":[{"taxonomy":"product_brand","embeddable":true,"href":"https:\/\/lucacastelli.com\/fr\/wp-json\/wp\/v2\/product_brand?post=832103"},{"taxonomy":"product_cat","embeddable":true,"href":"https:\/\/lucacastelli.com\/fr\/wp-json\/wp\/v2\/product_cat?post=832103"},{"taxonomy":"product_tag","embeddable":true,"href":"https:\/\/lucacastelli.com\/fr\/wp-json\/wp\/v2\/product_tag?post=832103"}],"curies":[{"name":"wp","href":"https:\/\/api.w.org\/{rel}","templated":true}]}}