{"id":832045,"date":"2025-08-07T20:03:08","date_gmt":"2025-08-07T18:03:08","guid":{"rendered":"https:\/\/lucacastelli.com\/prodotto\/milwaukee-tetes-de-filiere-2\/"},"modified":"2025-08-07T20:03:08","modified_gmt":"2025-08-07T18:03:08","slug":"milwaukee-tetes-de-filiere-2","status":"publish","type":"product","link":"https:\/\/lucacastelli.com\/fr\/produit\/milwaukee-tetes-de-filiere-2\/","title":{"rendered":"MILWAUKEE T\u00eates de fili\u00e8re"},"content":{"rendered":"<p>FPT2H 1-1\/2&#8243; BSPT STD\/FILI\u00c8RES FPT2<br \/>\nJusqu\u2019\u00e0 50 % plus l\u00e9g\u00e8res que la concurrence ; les t\u00eates incluent toujours un jeu de peignes BSPT standard<\/p>\n<p>4932480243<br \/>\n4058546405281<\/p>\n","protected":false},"excerpt":{"rendered":"<p>FPT2H 1-1\/2&#8243; BSPT STD\/FILI\u00c8RES FPT2<\/p>\n","protected":false},"featured_media":547450,"template":"","meta":{"_seopress_robots_primary_cat":"","_seopress_titles_title":"","_seopress_titles_desc":"","_seopress_robots_index":""},"product_brand":[3658],"product_cat":[144,5417],"product_tag":[3273],"class_list":{"0":"post-832045","1":"product","2":"type-product","3":"status-publish","4":"has-post-thumbnail","6":"product_brand-milwaukee-fr","7":"product_cat-equipement","8":"product_cat-outils-pour-atelier","9":"product_tag-import-milwau-fr","10":"sws-conto-ricavi-merci-rivendita-macchinari-fr","11":"sws-gruppo-iva-iva81-fr","13":"first","14":"onbackorder","15":"sale","16":"shipping-taxable","17":"purchasable","18":"product-type-simple"},"_links":{"self":[{"href":"https:\/\/lucacastelli.com\/fr\/wp-json\/wp\/v2\/product\/832045","targetHints":{"allow":["GET"]}}],"collection":[{"href":"https:\/\/lucacastelli.com\/fr\/wp-json\/wp\/v2\/product"}],"about":[{"href":"https:\/\/lucacastelli.com\/fr\/wp-json\/wp\/v2\/types\/product"}],"wp:featuredmedia":[{"embeddable":true,"href":"https:\/\/lucacastelli.com\/fr\/wp-json\/wp\/v2\/media\/547450"}],"wp:attachment":[{"href":"https:\/\/lucacastelli.com\/fr\/wp-json\/wp\/v2\/media?parent=832045"}],"wp:term":[{"taxonomy":"product_brand","embeddable":true,"href":"https:\/\/lucacastelli.com\/fr\/wp-json\/wp\/v2\/product_brand?post=832045"},{"taxonomy":"product_cat","embeddable":true,"href":"https:\/\/lucacastelli.com\/fr\/wp-json\/wp\/v2\/product_cat?post=832045"},{"taxonomy":"product_tag","embeddable":true,"href":"https:\/\/lucacastelli.com\/fr\/wp-json\/wp\/v2\/product_tag?post=832045"}],"curies":[{"name":"wp","href":"https:\/\/api.w.org\/{rel}","templated":true}]}}