{"id":832008,"date":"2025-08-07T20:12:46","date_gmt":"2025-08-07T18:12:46","guid":{"rendered":"https:\/\/lucacastelli.com\/prodotto\/milwaukee-papier-abrasif-pour-ponceuses-delta-outils-multifonctions-93-x-93-mm-2\/"},"modified":"2025-08-07T20:12:46","modified_gmt":"2025-08-07T18:12:46","slug":"milwaukee-papier-abrasif-pour-ponceuses-delta-outils-multifonctions-93-x-93-mm-2","status":"publish","type":"product","link":"https:\/\/lucacastelli.com\/fr\/produit\/milwaukee-papier-abrasif-pour-ponceuses-delta-outils-multifonctions-93-x-93-mm-2\/","title":{"rendered":"MILWAUKEE Papier abrasif pour ponceuses delta \/ Outils multifonctions 93 x 93 mm"},"content":{"rendered":"<p>PAPIER ABR DELTA STD 100x147MM\/7F G60-10pz<br \/>\nPapier corindon robuste et r\u00e9sistant pour les applications sur bois et m\u00e9tal ; bon enl\u00e8vement de mati\u00e8re et bonne pr\u00e9paration des surfaces<\/p>\n<p>4932492768<br \/>\n4058546476397<\/p>\n","protected":false},"excerpt":{"rendered":"<p>PAPIER ABR DELTA STD 100x147MM\/7F G60-10pz<\/p>\n","protected":false},"featured_media":558448,"template":"","meta":{"_seopress_robots_primary_cat":"","_seopress_titles_title":"","_seopress_titles_desc":"","_seopress_robots_index":""},"product_brand":[3407],"product_cat":[5416,33],"product_tag":[3270],"class_list":{"0":"post-832008","1":"product","2":"type-product","3":"status-publish","4":"has-post-thumbnail","6":"product_brand-milwaukee","7":"product_cat-utensili-per-officina","8":"product_cat-attrezzature","9":"product_tag-import-milwau","10":"sws-conto-ricavi-merci-rivendita-macchinari-fr","11":"sws-gruppo-iva-iva81-fr","13":"first","14":"onbackorder","15":"sale","16":"shipping-taxable","17":"purchasable","18":"product-type-simple"},"_links":{"self":[{"href":"https:\/\/lucacastelli.com\/fr\/wp-json\/wp\/v2\/product\/832008","targetHints":{"allow":["GET"]}}],"collection":[{"href":"https:\/\/lucacastelli.com\/fr\/wp-json\/wp\/v2\/product"}],"about":[{"href":"https:\/\/lucacastelli.com\/fr\/wp-json\/wp\/v2\/types\/product"}],"wp:featuredmedia":[{"embeddable":true,"href":"https:\/\/lucacastelli.com\/fr\/wp-json\/wp\/v2\/media\/558448"}],"wp:attachment":[{"href":"https:\/\/lucacastelli.com\/fr\/wp-json\/wp\/v2\/media?parent=832008"}],"wp:term":[{"taxonomy":"product_brand","embeddable":true,"href":"https:\/\/lucacastelli.com\/fr\/wp-json\/wp\/v2\/product_brand?post=832008"},{"taxonomy":"product_cat","embeddable":true,"href":"https:\/\/lucacastelli.com\/fr\/wp-json\/wp\/v2\/product_cat?post=832008"},{"taxonomy":"product_tag","embeddable":true,"href":"https:\/\/lucacastelli.com\/fr\/wp-json\/wp\/v2\/product_tag?post=832008"}],"curies":[{"name":"wp","href":"https:\/\/api.w.org\/{rel}","templated":true}]}}