{"id":831956,"date":"2025-08-07T20:03:36","date_gmt":"2025-08-07T18:03:36","guid":{"rendered":"https:\/\/lucacastelli.com\/prodotto\/milwaukee-chariot-porte-outils-a-deux-plateaux\/"},"modified":"2025-08-07T20:03:36","modified_gmt":"2025-08-07T18:03:36","slug":"milwaukee-chariot-porte-outils-a-deux-plateaux","status":"publish","type":"product","link":"https:\/\/lucacastelli.com\/fr\/produit\/milwaukee-chariot-porte-outils-a-deux-plateaux\/","title":{"rendered":"MILWAUKEE Chariot porte-outils \u00e0 deux plateaux"},"content":{"rendered":"<p>TOOLGUARD 40in Steel Work Cart EU<br \/>\nPlateau sup\u00e9rieur coulissant avec fermeture amortie avec 45 kg de capacit\u00e9 de charge ; Plateau inf\u00e9rieur coulissant avec fermeture amortie avec 90 kg de capacit\u00e9 de charge ; Compartiments de rangement sur le plan de travail ; 2 godets amovibles, pouvant \u00eatre retourn\u00e9s pour cr\u00e9er une surface coulissante ou compl\u00e8tement retir\u00e9s pour ranger des outils longs verticalement ; Bords avec rainure en V pour maintenir les mat\u00e9riaux pendant la coupe ou la mesure ; \u00c9tag\u00e8re arri\u00e8re rabattable avec une port\u00e9e de 22 kg ; 2 porte-bouteilles lat\u00e9raux amovibles pour ranger bouteilles et sprays ; Les pare-chocs d&#8217;angle en caoutchouc pr\u00e9viennent les dommages lors du d\u00e9placement du chariot ; La multiprise magn\u00e9tique permet de charger les batteries directement sur le chariot ; Roues industrielles de 125 mm (2 fixes, 2 pivotantes avec frein) ; Capacit\u00e9 de charge totale de 315 kg<\/p>\n<p>4932478856<br \/>\n4058546361389<\/p>\n","protected":false},"excerpt":{"rendered":"<p>TOOLGUARD 40in Steel Work Cart EU<\/p>\n","protected":false},"featured_media":542111,"template":"","meta":{"_seopress_robots_primary_cat":"","_seopress_titles_title":"","_seopress_titles_desc":"","_seopress_robots_index":""},"product_brand":[3407],"product_cat":[5416,33],"product_tag":[3270],"class_list":{"0":"post-831956","1":"product","2":"type-product","3":"status-publish","4":"has-post-thumbnail","6":"product_brand-milwaukee","7":"product_cat-utensili-per-officina","8":"product_cat-attrezzature","9":"product_tag-import-milwau","10":"sws-conto-ricavi-merci-rivendita-macchinari-fr","11":"sws-gruppo-iva-iva81-fr","13":"first","14":"onbackorder","15":"sale","16":"shipping-taxable","17":"purchasable","18":"product-type-simple"},"_links":{"self":[{"href":"https:\/\/lucacastelli.com\/fr\/wp-json\/wp\/v2\/product\/831956","targetHints":{"allow":["GET"]}}],"collection":[{"href":"https:\/\/lucacastelli.com\/fr\/wp-json\/wp\/v2\/product"}],"about":[{"href":"https:\/\/lucacastelli.com\/fr\/wp-json\/wp\/v2\/types\/product"}],"wp:featuredmedia":[{"embeddable":true,"href":"https:\/\/lucacastelli.com\/fr\/wp-json\/wp\/v2\/media\/542111"}],"wp:attachment":[{"href":"https:\/\/lucacastelli.com\/fr\/wp-json\/wp\/v2\/media?parent=831956"}],"wp:term":[{"taxonomy":"product_brand","embeddable":true,"href":"https:\/\/lucacastelli.com\/fr\/wp-json\/wp\/v2\/product_brand?post=831956"},{"taxonomy":"product_cat","embeddable":true,"href":"https:\/\/lucacastelli.com\/fr\/wp-json\/wp\/v2\/product_cat?post=831956"},{"taxonomy":"product_tag","embeddable":true,"href":"https:\/\/lucacastelli.com\/fr\/wp-json\/wp\/v2\/product_tag?post=831956"}],"curies":[{"name":"wp","href":"https:\/\/api.w.org\/{rel}","templated":true}]}}