{"id":831943,"date":"2025-08-07T20:03:38","date_gmt":"2025-08-07T18:03:38","guid":{"rendered":"https:\/\/lucacastelli.com\/prodotto\/milwaukee-servante-datelier-a-10-tiroirs\/"},"modified":"2025-08-07T20:03:38","modified_gmt":"2025-08-07T18:03:38","slug":"milwaukee-servante-datelier-a-10-tiroirs","status":"publish","type":"product","link":"https:\/\/lucacastelli.com\/fr\/produit\/milwaukee-servante-datelier-a-10-tiroirs\/","title":{"rendered":"MILWAUKEE Servante d\u2019atelier \u00e0 10 tiroirs"},"content":{"rendered":"<p>TOOLGUARD 46in Steel Cabinet EU<br \/>\nTiroirs coulissants de 45 kg avec fermeture amortie ; Tiroir inf\u00e9rieur coulissant de 90 kg ; Chaque tiroir est \u00e9quip\u00e9 d\u2019un tapis antid\u00e9rapant ; Les pare-chocs d\u2019angle en caoutchouc pr\u00e9viennent les dommages lors du d\u00e9placement de la servante ; La multiprise magn\u00e9tique permet de charger les batteries directement sur la servante ; Tablette lat\u00e9rale pliable pour ranger bouteilles et canettes ; D\u00e9capsuleur int\u00e9gr\u00e9 ; Organisateur pour outils \u00e9lectriques int\u00e9gr\u00e9 dans le tiroir inf\u00e9rieur ; Roues industrielles de 150 mm (2 fixes, 2 pivotantes avec frein) ; Capacit\u00e9 de charge totale de 1360 kg<\/p>\n<p>4932478852<br \/>\n4058546361341<\/p>\n","protected":false},"excerpt":{"rendered":"<p>TOOLGUARD 46in Steel Cabinet EU<\/p>\n","protected":false},"featured_media":542077,"template":"","meta":{"_seopress_robots_primary_cat":"","_seopress_titles_title":"","_seopress_titles_desc":"","_seopress_robots_index":""},"product_brand":[3407],"product_cat":[5416,33],"product_tag":[3270],"class_list":{"0":"post-831943","1":"product","2":"type-product","3":"status-publish","4":"has-post-thumbnail","6":"product_brand-milwaukee","7":"product_cat-utensili-per-officina","8":"product_cat-attrezzature","9":"product_tag-import-milwau","10":"sws-conto-ricavi-merci-rivendita-macchinari-fr","11":"sws-gruppo-iva-iva81-fr","13":"first","14":"onbackorder","15":"sale","16":"shipping-taxable","17":"purchasable","18":"product-type-simple"},"_links":{"self":[{"href":"https:\/\/lucacastelli.com\/fr\/wp-json\/wp\/v2\/product\/831943","targetHints":{"allow":["GET"]}}],"collection":[{"href":"https:\/\/lucacastelli.com\/fr\/wp-json\/wp\/v2\/product"}],"about":[{"href":"https:\/\/lucacastelli.com\/fr\/wp-json\/wp\/v2\/types\/product"}],"wp:featuredmedia":[{"embeddable":true,"href":"https:\/\/lucacastelli.com\/fr\/wp-json\/wp\/v2\/media\/542077"}],"wp:attachment":[{"href":"https:\/\/lucacastelli.com\/fr\/wp-json\/wp\/v2\/media?parent=831943"}],"wp:term":[{"taxonomy":"product_brand","embeddable":true,"href":"https:\/\/lucacastelli.com\/fr\/wp-json\/wp\/v2\/product_brand?post=831943"},{"taxonomy":"product_cat","embeddable":true,"href":"https:\/\/lucacastelli.com\/fr\/wp-json\/wp\/v2\/product_cat?post=831943"},{"taxonomy":"product_tag","embeddable":true,"href":"https:\/\/lucacastelli.com\/fr\/wp-json\/wp\/v2\/product_tag?post=831943"}],"curies":[{"name":"wp","href":"https:\/\/api.w.org\/{rel}","templated":true}]}}