{"id":831930,"date":"2025-08-07T15:56:21","date_gmt":"2025-08-07T13:56:21","guid":{"rendered":"https:\/\/lucacastelli.com\/prodotto\/milwaukee-casquette-performance\/"},"modified":"2025-08-07T15:56:21","modified_gmt":"2025-08-07T13:56:21","slug":"milwaukee-casquette-performance","status":"publish","type":"product","link":"https:\/\/lucacastelli.com\/fr\/produit\/milwaukee-casquette-performance\/","title":{"rendered":"MILWAUKEE CASQUETTE PERFORMANCE"},"content":{"rendered":"<p>BCPDGR-S\/M CASQUETTE PERFORM. GRI FO-NOI<br \/>\nL\u00e9g\u00e8re pour prot\u00e9ger du soleil, sur le lieu de travail ou en dehors ; Restez au frais, le tissu s\u00e8che et \u00e9vacue rapidement l\u2019humidit\u00e9 ; Protection contre les rayons UV nocifs UPF 50+ selon la norme EN 13758-1 <\/p>\n<p>4932493103<br \/>\n4058546479749<\/p>\n","protected":false},"excerpt":{"rendered":"<p>BCPDGR-S\/M CASQUETTE PERFORM. GRI FO-NOI <\/p>\n","protected":false},"featured_media":560351,"template":"","meta":{"_seopress_robots_primary_cat":"","_seopress_titles_title":"","_seopress_titles_desc":"","_seopress_robots_index":""},"product_brand":[3658],"product_cat":[5417,144],"product_tag":[3273],"class_list":{"0":"post-831930","1":"product","2":"type-product","3":"status-publish","4":"has-post-thumbnail","6":"product_brand-milwaukee-fr","7":"product_cat-outils-pour-atelier","8":"product_cat-equipement","9":"product_tag-import-milwau-fr","10":"sws-conto-ricavi-merci-rivendita-macchinari-fr","11":"sws-gruppo-iva-iva81-fr","13":"first","14":"onbackorder","15":"sale","16":"shipping-taxable","17":"purchasable","18":"product-type-simple"},"_links":{"self":[{"href":"https:\/\/lucacastelli.com\/fr\/wp-json\/wp\/v2\/product\/831930","targetHints":{"allow":["GET"]}}],"collection":[{"href":"https:\/\/lucacastelli.com\/fr\/wp-json\/wp\/v2\/product"}],"about":[{"href":"https:\/\/lucacastelli.com\/fr\/wp-json\/wp\/v2\/types\/product"}],"wp:featuredmedia":[{"embeddable":true,"href":"https:\/\/lucacastelli.com\/fr\/wp-json\/wp\/v2\/media\/560351"}],"wp:attachment":[{"href":"https:\/\/lucacastelli.com\/fr\/wp-json\/wp\/v2\/media?parent=831930"}],"wp:term":[{"taxonomy":"product_brand","embeddable":true,"href":"https:\/\/lucacastelli.com\/fr\/wp-json\/wp\/v2\/product_brand?post=831930"},{"taxonomy":"product_cat","embeddable":true,"href":"https:\/\/lucacastelli.com\/fr\/wp-json\/wp\/v2\/product_cat?post=831930"},{"taxonomy":"product_tag","embeddable":true,"href":"https:\/\/lucacastelli.com\/fr\/wp-json\/wp\/v2\/product_tag?post=831930"}],"curies":[{"name":"wp","href":"https:\/\/api.w.org\/{rel}","templated":true}]}}