{"id":831927,"date":"2025-08-07T15:29:45","date_gmt":"2025-08-07T13:29:45","guid":{"rendered":"https:\/\/lucacastelli.com\/prodotto\/milwaukee-support-lateral-5\/"},"modified":"2025-08-07T15:29:45","modified_gmt":"2025-08-07T13:29:45","slug":"milwaukee-support-lateral-5","status":"publish","type":"product","link":"https:\/\/lucacastelli.com\/fr\/produit\/milwaukee-support-lateral-5\/","title":{"rendered":"MILWAUKEE Support lat\u00e9ral"},"content":{"rendered":"<p>SUPPORT DE BATTERIE M18 LAT\u00c9RAL PACKOUT<br \/>\n\u00c0 monter sur les c\u00f4t\u00e9s des tours PACKOUT\u2122 pour augmenter les possibilit\u00e9s de stockage d\u2019accessoires et d\u2019outils ; Pour ranger jusqu\u2019\u00e0 3 batteries M18 ; Mat\u00e9riau r\u00e9sistant aux chocs ; Fait partie du syst\u00e8me de rangement modulable PACKOUT\u2122<\/p>\n<p>4932498645<br \/>\n4058546525149<\/p>\n","protected":false},"excerpt":{"rendered":"<p>SUPPORT DE BATTERIE M18 LAT\u00c9RAL PACKOUT<\/p>\n","protected":false},"featured_media":589441,"template":"","meta":{"_seopress_robots_primary_cat":"","_seopress_titles_title":"","_seopress_titles_desc":"","_seopress_robots_index":""},"product_brand":[3407],"product_cat":[5416,33],"product_tag":[3270],"class_list":{"0":"post-831927","1":"product","2":"type-product","3":"status-publish","4":"has-post-thumbnail","6":"product_brand-milwaukee","7":"product_cat-utensili-per-officina","8":"product_cat-attrezzature","9":"product_tag-import-milwau","10":"sws-conto-ricavi-merci-rivendita-macchinari-fr","11":"sws-gruppo-iva-iva81-fr","13":"first","14":"onbackorder","15":"sale","16":"shipping-taxable","17":"purchasable","18":"product-type-simple"},"_links":{"self":[{"href":"https:\/\/lucacastelli.com\/fr\/wp-json\/wp\/v2\/product\/831927","targetHints":{"allow":["GET"]}}],"collection":[{"href":"https:\/\/lucacastelli.com\/fr\/wp-json\/wp\/v2\/product"}],"about":[{"href":"https:\/\/lucacastelli.com\/fr\/wp-json\/wp\/v2\/types\/product"}],"wp:featuredmedia":[{"embeddable":true,"href":"https:\/\/lucacastelli.com\/fr\/wp-json\/wp\/v2\/media\/589441"}],"wp:attachment":[{"href":"https:\/\/lucacastelli.com\/fr\/wp-json\/wp\/v2\/media?parent=831927"}],"wp:term":[{"taxonomy":"product_brand","embeddable":true,"href":"https:\/\/lucacastelli.com\/fr\/wp-json\/wp\/v2\/product_brand?post=831927"},{"taxonomy":"product_cat","embeddable":true,"href":"https:\/\/lucacastelli.com\/fr\/wp-json\/wp\/v2\/product_cat?post=831927"},{"taxonomy":"product_tag","embeddable":true,"href":"https:\/\/lucacastelli.com\/fr\/wp-json\/wp\/v2\/product_tag?post=831927"}],"curies":[{"name":"wp","href":"https:\/\/api.w.org\/{rel}","templated":true}]}}