{"id":831908,"date":"2025-08-07T20:03:48","date_gmt":"2025-08-07T18:03:48","guid":{"rendered":"https:\/\/lucacastelli.com\/prodotto\/milwaukee-papier-abrasif-std-115x230-mm-14-trous-g-60-10-pces\/"},"modified":"2025-08-07T20:03:48","modified_gmt":"2025-08-07T18:03:48","slug":"milwaukee-papier-abrasif-std-115x230-mm-14-trous-g-60-10-pces","status":"publish","type":"product","link":"https:\/\/lucacastelli.com\/fr\/produit\/milwaukee-papier-abrasif-std-115x230-mm-14-trous-g-60-10-pces\/","title":{"rendered":"MILWAUKEE PAPIER ABRASIF STD 115&#215;230 mm \/ 14 TROUS G.60 &#8211; 10 pces"},"content":{"rendered":"<p>PAPIER ABRASIF STD 115&#215;230 mm \/ 14 TROUS G.60 &#8211; 10 pces<br \/>\nPapier corindon robuste et r\u00e9sistant pour les applications sur bois et m\u00e9tal ; bon enl\u00e8vement de mati\u00e8re et bonne pr\u00e9paration des surfaces<\/p>\n<p>4932492264<br \/>\n4058546416317<\/p>\n","protected":false},"excerpt":{"rendered":"<p>PAPIER ABRASIF STD 115&#215;230 mm \/ 14 TROUS G.60 &#8211; 10 pces<\/p>\n","protected":false},"featured_media":555616,"template":"","meta":{"_seopress_robots_primary_cat":"","_seopress_titles_title":"","_seopress_titles_desc":"","_seopress_robots_index":""},"product_brand":[3407],"product_cat":[5416,33],"product_tag":[3270],"class_list":{"0":"post-831908","1":"product","2":"type-product","3":"status-publish","4":"has-post-thumbnail","6":"product_brand-milwaukee","7":"product_cat-utensili-per-officina","8":"product_cat-attrezzature","9":"product_tag-import-milwau","10":"sws-conto-ricavi-merci-rivendita-macchinari-fr","11":"sws-gruppo-iva-iva81-fr","13":"first","14":"onbackorder","15":"sale","16":"shipping-taxable","17":"purchasable","18":"product-type-simple"},"_links":{"self":[{"href":"https:\/\/lucacastelli.com\/fr\/wp-json\/wp\/v2\/product\/831908","targetHints":{"allow":["GET"]}}],"collection":[{"href":"https:\/\/lucacastelli.com\/fr\/wp-json\/wp\/v2\/product"}],"about":[{"href":"https:\/\/lucacastelli.com\/fr\/wp-json\/wp\/v2\/types\/product"}],"wp:featuredmedia":[{"embeddable":true,"href":"https:\/\/lucacastelli.com\/fr\/wp-json\/wp\/v2\/media\/555616"}],"wp:attachment":[{"href":"https:\/\/lucacastelli.com\/fr\/wp-json\/wp\/v2\/media?parent=831908"}],"wp:term":[{"taxonomy":"product_brand","embeddable":true,"href":"https:\/\/lucacastelli.com\/fr\/wp-json\/wp\/v2\/product_brand?post=831908"},{"taxonomy":"product_cat","embeddable":true,"href":"https:\/\/lucacastelli.com\/fr\/wp-json\/wp\/v2\/product_cat?post=831908"},{"taxonomy":"product_tag","embeddable":true,"href":"https:\/\/lucacastelli.com\/fr\/wp-json\/wp\/v2\/product_tag?post=831908"}],"curies":[{"name":"wp","href":"https:\/\/api.w.org\/{rel}","templated":true}]}}