{"id":831897,"date":"2025-08-07T20:03:37","date_gmt":"2025-08-07T18:03:37","guid":{"rendered":"https:\/\/lucacastelli.com\/prodotto\/milwaukee-servante-datelier-a-7-tiroirs\/"},"modified":"2025-08-07T20:03:37","modified_gmt":"2025-08-07T18:03:37","slug":"milwaukee-servante-datelier-a-7-tiroirs","status":"publish","type":"product","link":"https:\/\/lucacastelli.com\/fr\/produit\/milwaukee-servante-datelier-a-7-tiroirs\/","title":{"rendered":"MILWAUKEE Servante d\u2019atelier \u00e0 7 tiroirs"},"content":{"rendered":"<p>Armoire roulante en acier TOOLGUARD 30&#8243; EU<br \/>\nTiroirs coulissants de 45 kg avec fermeture douce ; Tiroir inf\u00e9rieur coulissant de 90 kg ; Le syst\u00e8me anti-basculement permet d\u2019ouvrir un seul tiroir \u00e0 la fois ; Chaque tiroir est \u00e9quip\u00e9 d\u2019un tapis antid\u00e9rapant ; Plan de travail en ABS avec trous pour tournevis et compartiments de rangement ; Les pare-chocs d\u2019angle en ABS pr\u00e9viennent les dommages lors du d\u00e9placement ; La multiprise magn\u00e9tique permet de charger les batteries directement sur la servante ; Panneau perfor\u00e9 lat\u00e9ral pour suspendre les outils les plus utilis\u00e9s ; Porte-flacons lat\u00e9raux pour ranger bouteilles et canettes ; Organiseur pour outils \u00e9lectroportatifs int\u00e9gr\u00e9 au tiroir inf\u00e9rieur ; Roues industrielles de 125 mm (2 fixes, 2 pivotantes avec frein) ; Capacit\u00e9 de charge totale de 800 kg<\/p>\n<p>4932478849<br \/>\n4058546361310<\/p>\n","protected":false},"excerpt":{"rendered":"<p>Armoire roulante en acier TOOLGUARD 30&#8243; EU<\/p>\n","protected":false},"featured_media":541999,"template":"","meta":{"_seopress_robots_primary_cat":"","_seopress_titles_title":"","_seopress_titles_desc":"","_seopress_robots_index":""},"product_brand":[3407],"product_cat":[5416,33],"product_tag":[3270],"class_list":{"0":"post-831897","1":"product","2":"type-product","3":"status-publish","4":"has-post-thumbnail","6":"product_brand-milwaukee","7":"product_cat-utensili-per-officina","8":"product_cat-attrezzature","9":"product_tag-import-milwau","10":"sws-conto-ricavi-merci-rivendita-macchinari-fr","11":"sws-gruppo-iva-iva81-fr","13":"first","14":"onbackorder","15":"sale","16":"shipping-taxable","17":"purchasable","18":"product-type-simple"},"_links":{"self":[{"href":"https:\/\/lucacastelli.com\/fr\/wp-json\/wp\/v2\/product\/831897","targetHints":{"allow":["GET"]}}],"collection":[{"href":"https:\/\/lucacastelli.com\/fr\/wp-json\/wp\/v2\/product"}],"about":[{"href":"https:\/\/lucacastelli.com\/fr\/wp-json\/wp\/v2\/types\/product"}],"wp:featuredmedia":[{"embeddable":true,"href":"https:\/\/lucacastelli.com\/fr\/wp-json\/wp\/v2\/media\/541999"}],"wp:attachment":[{"href":"https:\/\/lucacastelli.com\/fr\/wp-json\/wp\/v2\/media?parent=831897"}],"wp:term":[{"taxonomy":"product_brand","embeddable":true,"href":"https:\/\/lucacastelli.com\/fr\/wp-json\/wp\/v2\/product_brand?post=831897"},{"taxonomy":"product_cat","embeddable":true,"href":"https:\/\/lucacastelli.com\/fr\/wp-json\/wp\/v2\/product_cat?post=831897"},{"taxonomy":"product_tag","embeddable":true,"href":"https:\/\/lucacastelli.com\/fr\/wp-json\/wp\/v2\/product_tag?post=831897"}],"curies":[{"name":"wp","href":"https:\/\/api.w.org\/{rel}","templated":true}]}}