{"id":831894,"date":"2025-08-07T20:03:03","date_gmt":"2025-08-07T18:03:03","guid":{"rendered":"https:\/\/lucacastelli.com\/prodotto\/milwaukee-filieres-pour-fileteuses\/"},"modified":"2025-08-07T20:03:03","modified_gmt":"2025-08-07T18:03:03","slug":"milwaukee-filieres-pour-fileteuses","status":"publish","type":"product","link":"https:\/\/lucacastelli.com\/fr\/produit\/milwaukee-filieres-pour-fileteuses\/","title":{"rendered":"MILWAUKEE Fili\u00e8res pour fileteuses"},"content":{"rendered":"<p>FPT2H 1\/2&#8243; BSPT Alloy \/POUR FILETEUSES<br \/>\nJusqu&#8217;\u00e0 50% plus l\u00e9g\u00e8res que la concurrence;Les fili\u00e8res incluent toujours un jeu de peignes BSPT standard<\/p>\n<p>4932480239<br \/>\n4058546405243<\/p>\n","protected":false},"excerpt":{"rendered":"<p>FPT2H 1\/2&#8243; BSPT Alloy \/POUR FILETEUSES<\/p>\n","protected":false},"featured_media":547430,"template":"","meta":{"_seopress_robots_primary_cat":"","_seopress_titles_title":"","_seopress_titles_desc":"","_seopress_robots_index":""},"product_brand":[3407],"product_cat":[5416,33],"product_tag":[3270],"class_list":{"0":"post-831894","1":"product","2":"type-product","3":"status-publish","4":"has-post-thumbnail","6":"product_brand-milwaukee","7":"product_cat-utensili-per-officina","8":"product_cat-attrezzature","9":"product_tag-import-milwau","10":"sws-conto-ricavi-merci-rivendita-macchinari-fr","11":"sws-gruppo-iva-iva81-fr","13":"first","14":"onbackorder","15":"sale","16":"shipping-taxable","17":"purchasable","18":"product-type-simple"},"_links":{"self":[{"href":"https:\/\/lucacastelli.com\/fr\/wp-json\/wp\/v2\/product\/831894","targetHints":{"allow":["GET"]}}],"collection":[{"href":"https:\/\/lucacastelli.com\/fr\/wp-json\/wp\/v2\/product"}],"about":[{"href":"https:\/\/lucacastelli.com\/fr\/wp-json\/wp\/v2\/types\/product"}],"wp:featuredmedia":[{"embeddable":true,"href":"https:\/\/lucacastelli.com\/fr\/wp-json\/wp\/v2\/media\/547430"}],"wp:attachment":[{"href":"https:\/\/lucacastelli.com\/fr\/wp-json\/wp\/v2\/media?parent=831894"}],"wp:term":[{"taxonomy":"product_brand","embeddable":true,"href":"https:\/\/lucacastelli.com\/fr\/wp-json\/wp\/v2\/product_brand?post=831894"},{"taxonomy":"product_cat","embeddable":true,"href":"https:\/\/lucacastelli.com\/fr\/wp-json\/wp\/v2\/product_cat?post=831894"},{"taxonomy":"product_tag","embeddable":true,"href":"https:\/\/lucacastelli.com\/fr\/wp-json\/wp\/v2\/product_tag?post=831894"}],"curies":[{"name":"wp","href":"https:\/\/api.w.org\/{rel}","templated":true}]}}