{"id":831886,"date":"2025-08-07T20:02:48","date_gmt":"2025-08-07T18:02:48","guid":{"rendered":"https:\/\/lucacastelli.com\/prodotto\/milwaukee-douilles-males-a-chocs-1-2%cb%9d-empreinte-tx\/"},"modified":"2025-08-07T20:02:48","modified_gmt":"2025-08-07T18:02:48","slug":"milwaukee-douilles-males-a-chocs-1-2%cb%9d-empreinte-tx","status":"publish","type":"product","link":"https:\/\/lucacastelli.com\/fr\/produit\/milwaukee-douilles-males-a-chocs-1-2%cb%9d-empreinte-tx\/","title":{"rendered":"MILWAUKEE Douilles m\u00e2les \u00e0 chocs 1\/2\u02dd empreinte TX"},"content":{"rendered":"<p>DOUILLE M\u00c2LE \u00c0 CHOCS 1\/2 POUR TX50 1 pce<br \/>\nConception monobloc avec empreinte TX et carr\u00e9 d\u2019entra\u00eenement 1\/2\u02dd. Normes DIN 3121 \/ ISO 1174-2 ; utilisable pour toutes les applications \u00e0 couple \u00e9lev\u00e9, se fixe directement sur le carr\u00e9 de la boulonneuse \u00e0 chocs 1\/2\u02dd <\/p>\n<p>4932478062<br \/>\n4058546339951<\/p>\n","protected":false},"excerpt":{"rendered":"<p>DOUILLE M\u00c2LE \u00c0 CHOCS 1\/2 POUR TX50 1 pce<\/p>\n","protected":false},"featured_media":539839,"template":"","meta":{"_seopress_robots_primary_cat":"","_seopress_titles_title":"","_seopress_titles_desc":"","_seopress_robots_index":""},"product_brand":[3658],"product_cat":[5417,144],"product_tag":[3273],"class_list":{"0":"post-831886","1":"product","2":"type-product","3":"status-publish","4":"has-post-thumbnail","6":"product_brand-milwaukee-fr","7":"product_cat-outils-pour-atelier","8":"product_cat-equipement","9":"product_tag-import-milwau-fr","10":"sws-conto-ricavi-merci-rivendita-macchinari-fr","11":"sws-gruppo-iva-iva81-fr","13":"first","14":"onbackorder","15":"sale","16":"shipping-taxable","17":"purchasable","18":"product-type-simple"},"_links":{"self":[{"href":"https:\/\/lucacastelli.com\/fr\/wp-json\/wp\/v2\/product\/831886","targetHints":{"allow":["GET"]}}],"collection":[{"href":"https:\/\/lucacastelli.com\/fr\/wp-json\/wp\/v2\/product"}],"about":[{"href":"https:\/\/lucacastelli.com\/fr\/wp-json\/wp\/v2\/types\/product"}],"wp:featuredmedia":[{"embeddable":true,"href":"https:\/\/lucacastelli.com\/fr\/wp-json\/wp\/v2\/media\/539839"}],"wp:attachment":[{"href":"https:\/\/lucacastelli.com\/fr\/wp-json\/wp\/v2\/media?parent=831886"}],"wp:term":[{"taxonomy":"product_brand","embeddable":true,"href":"https:\/\/lucacastelli.com\/fr\/wp-json\/wp\/v2\/product_brand?post=831886"},{"taxonomy":"product_cat","embeddable":true,"href":"https:\/\/lucacastelli.com\/fr\/wp-json\/wp\/v2\/product_cat?post=831886"},{"taxonomy":"product_tag","embeddable":true,"href":"https:\/\/lucacastelli.com\/fr\/wp-json\/wp\/v2\/product_tag?post=831886"}],"curies":[{"name":"wp","href":"https:\/\/api.w.org\/{rel}","templated":true}]}}