{"id":831867,"date":"2025-08-07T15:29:47","date_gmt":"2025-08-07T13:29:47","guid":{"rendered":"https:\/\/lucacastelli.com\/prodotto\/milwaukee-adaptateur\/"},"modified":"2025-08-07T15:29:47","modified_gmt":"2025-08-07T13:29:47","slug":"milwaukee-adaptateur","status":"publish","type":"product","link":"https:\/\/lucacastelli.com\/fr\/produit\/milwaukee-adaptateur\/","title":{"rendered":"MILWAUKEE Adaptateur"},"content":{"rendered":"<p>PACKOUT ADAPTATEUR LAT\u00c9RAL<br \/>\n\u00c0 monter sur les c\u00f4t\u00e9s des tours PACKOUT\u2122 pour augmenter les possibilit\u00e9s de stockage d&#8217;accessoires et d&#8217;outils;Adaptateur pour les supports lat\u00e9raux PACKOUT\u2122 &#8211; Se fixe solidement aux angles renforc\u00e9s en m\u00e9tal de la caisse \u00e0 outils.;Mat\u00e9riau r\u00e9sistant aux impacts;Fait partie du syst\u00e8me de rangement modulaire PACKOUT\u2122<\/p>\n<p>4932498643<br \/>\n4058546525125<\/p>\n","protected":false},"excerpt":{"rendered":"<p>PACKOUT ADAPTATEUR LAT\u00c9RAL<\/p>\n","protected":false},"featured_media":589419,"template":"","meta":{"_seopress_robots_primary_cat":"","_seopress_titles_title":"","_seopress_titles_desc":"","_seopress_robots_index":""},"product_brand":[3407],"product_cat":[5416,33],"product_tag":[3270],"class_list":{"0":"post-831867","1":"product","2":"type-product","3":"status-publish","4":"has-post-thumbnail","6":"product_brand-milwaukee","7":"product_cat-utensili-per-officina","8":"product_cat-attrezzature","9":"product_tag-import-milwau","10":"sws-conto-ricavi-merci-rivendita-macchinari-fr","11":"sws-gruppo-iva-iva81-fr","13":"first","14":"onbackorder","15":"sale","16":"shipping-taxable","17":"purchasable","18":"product-type-simple"},"_links":{"self":[{"href":"https:\/\/lucacastelli.com\/fr\/wp-json\/wp\/v2\/product\/831867","targetHints":{"allow":["GET"]}}],"collection":[{"href":"https:\/\/lucacastelli.com\/fr\/wp-json\/wp\/v2\/product"}],"about":[{"href":"https:\/\/lucacastelli.com\/fr\/wp-json\/wp\/v2\/types\/product"}],"wp:featuredmedia":[{"embeddable":true,"href":"https:\/\/lucacastelli.com\/fr\/wp-json\/wp\/v2\/media\/589419"}],"wp:attachment":[{"href":"https:\/\/lucacastelli.com\/fr\/wp-json\/wp\/v2\/media?parent=831867"}],"wp:term":[{"taxonomy":"product_brand","embeddable":true,"href":"https:\/\/lucacastelli.com\/fr\/wp-json\/wp\/v2\/product_brand?post=831867"},{"taxonomy":"product_cat","embeddable":true,"href":"https:\/\/lucacastelli.com\/fr\/wp-json\/wp\/v2\/product_cat?post=831867"},{"taxonomy":"product_tag","embeddable":true,"href":"https:\/\/lucacastelli.com\/fr\/wp-json\/wp\/v2\/product_tag?post=831867"}],"curies":[{"name":"wp","href":"https:\/\/api.w.org\/{rel}","templated":true}]}}