{"id":831842,"date":"2025-07-12T17:53:11","date_gmt":"2025-07-12T15:53:11","guid":{"rendered":"https:\/\/lucacastelli.com\/prodotto\/milwaukee-tariere-a-entonnoir-3\/"},"modified":"2025-07-12T17:53:11","modified_gmt":"2025-07-12T15:53:11","slug":"milwaukee-tariere-a-entonnoir-3","status":"publish","type":"product","link":"https:\/\/lucacastelli.com\/fr\/produit\/milwaukee-tariere-a-entonnoir-3\/","title":{"rendered":"MILWAUKEE Tari\u00e8re \u00e0 entonnoir"},"content":{"rendered":"<p>Al\u00e9soir en entonnoir pour obstructions textiles et papier, avantageux pour tuyaux de grand diam\u00e8tre<\/p>\n","protected":false},"excerpt":{"rendered":"<p>Al\u00e9soir en entonnoir pour obstructions textiles et papier, avantageux pour tuyaux de grand diam\u00e8tre<\/p>\n","protected":false},"featured_media":484663,"template":"","meta":{"_seopress_robots_primary_cat":"","_seopress_titles_title":"","_seopress_titles_desc":"","_seopress_robots_index":""},"product_brand":[3658],"product_cat":[167,1534],"product_tag":[3273],"class_list":{"0":"post-831842","1":"product","2":"type-product","3":"status-publish","4":"has-post-thumbnail","6":"product_brand-milwaukee-fr","7":"product_cat-machines","8":"product_cat-scies","9":"product_tag-import-milwau-fr","10":"sws-gruppo-macchinari-fr","11":"sws-conto-ricavi-merci-rivendita-macchinari-fr","12":"sws-gruppo-iva-iva81-fr","14":"first","15":"instock","16":"sale","17":"shipping-taxable","18":"purchasable","19":"product-type-simple"},"_links":{"self":[{"href":"https:\/\/lucacastelli.com\/fr\/wp-json\/wp\/v2\/product\/831842","targetHints":{"allow":["GET"]}}],"collection":[{"href":"https:\/\/lucacastelli.com\/fr\/wp-json\/wp\/v2\/product"}],"about":[{"href":"https:\/\/lucacastelli.com\/fr\/wp-json\/wp\/v2\/types\/product"}],"wp:featuredmedia":[{"embeddable":true,"href":"https:\/\/lucacastelli.com\/fr\/wp-json\/wp\/v2\/media\/484663"}],"wp:attachment":[{"href":"https:\/\/lucacastelli.com\/fr\/wp-json\/wp\/v2\/media?parent=831842"}],"wp:term":[{"taxonomy":"product_brand","embeddable":true,"href":"https:\/\/lucacastelli.com\/fr\/wp-json\/wp\/v2\/product_brand?post=831842"},{"taxonomy":"product_cat","embeddable":true,"href":"https:\/\/lucacastelli.com\/fr\/wp-json\/wp\/v2\/product_cat?post=831842"},{"taxonomy":"product_tag","embeddable":true,"href":"https:\/\/lucacastelli.com\/fr\/wp-json\/wp\/v2\/product_tag?post=831842"}],"curies":[{"name":"wp","href":"https:\/\/api.w.org\/{rel}","templated":true}]}}