{"id":831806,"date":"2025-07-12T17:52:47","date_gmt":"2025-07-12T15:52:47","guid":{"rendered":"https:\/\/lucacastelli.com\/prodotto\/milwaukee-set-de-tetes\/"},"modified":"2025-07-12T17:52:47","modified_gmt":"2025-07-12T15:52:47","slug":"milwaukee-set-de-tetes","status":"publish","type":"product","link":"https:\/\/lucacastelli.com\/fr\/produit\/milwaukee-set-de-tetes\/","title":{"rendered":"MILWAUKEE Set de t\u00eates"},"content":{"rendered":"<p>Set d&#8217;accessoires pour nettoyeur de canalisations M18\u2122 compos\u00e9 de : al\u00e9soir \u00e0 entonnoir, t\u00eate de rotation \u00e0 cha\u00eene, foret \u00e0 t\u00eate de pelle de 36 mm, graisseur pour foret \u00e0 lame de 40 mm et cl\u00e9 \u00e0 goupilles, adapt\u00e9 pour spirales de nettoyage de canalisations de diam\u00e8tre 10\/13\/16 mm<\/p>\n","protected":false},"excerpt":{"rendered":"<p>Set d&#8217;accessoires pour nettoyeur de canalisations M18\u2122 compos\u00e9 de : al\u00e9soir \u00e0 entonnoir, t\u00eate de rotation \u00e0 cha\u00eene, foret \u00e0<\/p>\n","protected":false},"featured_media":484594,"template":"","meta":{"_seopress_robots_primary_cat":"","_seopress_titles_title":"","_seopress_titles_desc":"","_seopress_robots_index":""},"product_brand":[3407],"product_cat":[29,558],"product_tag":[3270],"class_list":{"0":"post-831806","1":"product","2":"type-product","3":"status-publish","4":"has-post-thumbnail","6":"product_brand-milwaukee","7":"product_cat-macchinari","8":"product_cat-seghe-accessori-vari","9":"product_tag-import-milwau","10":"sws-gruppo-macchinari-fr","11":"sws-conto-ricavi-merci-rivendita-macchinari-fr","12":"sws-gruppo-iva-iva81-fr","14":"first","15":"instock","16":"sale","17":"shipping-taxable","18":"purchasable","19":"product-type-simple"},"_links":{"self":[{"href":"https:\/\/lucacastelli.com\/fr\/wp-json\/wp\/v2\/product\/831806","targetHints":{"allow":["GET"]}}],"collection":[{"href":"https:\/\/lucacastelli.com\/fr\/wp-json\/wp\/v2\/product"}],"about":[{"href":"https:\/\/lucacastelli.com\/fr\/wp-json\/wp\/v2\/types\/product"}],"wp:featuredmedia":[{"embeddable":true,"href":"https:\/\/lucacastelli.com\/fr\/wp-json\/wp\/v2\/media\/484594"}],"wp:attachment":[{"href":"https:\/\/lucacastelli.com\/fr\/wp-json\/wp\/v2\/media?parent=831806"}],"wp:term":[{"taxonomy":"product_brand","embeddable":true,"href":"https:\/\/lucacastelli.com\/fr\/wp-json\/wp\/v2\/product_brand?post=831806"},{"taxonomy":"product_cat","embeddable":true,"href":"https:\/\/lucacastelli.com\/fr\/wp-json\/wp\/v2\/product_cat?post=831806"},{"taxonomy":"product_tag","embeddable":true,"href":"https:\/\/lucacastelli.com\/fr\/wp-json\/wp\/v2\/product_tag?post=831806"}],"curies":[{"name":"wp","href":"https:\/\/api.w.org\/{rel}","templated":true}]}}