{"id":831803,"date":"2025-07-12T17:53:16","date_gmt":"2025-07-12T15:53:16","guid":{"rendered":"https:\/\/lucacastelli.com\/prodotto\/milwaukee-tariere-a-entonnoir\/"},"modified":"2025-07-12T17:53:16","modified_gmt":"2025-07-12T15:53:16","slug":"milwaukee-tariere-a-entonnoir","status":"publish","type":"product","link":"https:\/\/lucacastelli.com\/fr\/produit\/milwaukee-tariere-a-entonnoir\/","title":{"rendered":"MILWAUKEE Tari\u00e8re \u00e0 entonnoir"},"content":{"rendered":"<p>TARI\u00c8RE \u00c0 ENTONNOIR POUR C\u00c2BLES DE 22 MM<br \/>\nAl\u00e9soir \u00e0 entonnoir pour bouchons textiles et papier, avantageux pour tuyaux de grand diam\u00e8tre<\/p>\n<p>Tari\u00e8re \u00e0 entonnoir moyenne pour c\u00e2bles de 22 mm<br \/>\n4058546323479<\/p>\n","protected":false},"excerpt":{"rendered":"<p>TARI\u00c8RE \u00c0 ENTONNOIR POUR C\u00c2BLES DE 22 MM Al\u00e9soir \u00e0 entonnoir pour bouchons textiles et papier, avantageux pour tuyaux de<\/p>\n","protected":false},"featured_media":484688,"template":"","meta":{"_seopress_robots_primary_cat":"","_seopress_titles_title":"","_seopress_titles_desc":"","_seopress_robots_index":""},"product_brand":[3407],"product_cat":[29,558],"product_tag":[6834],"class_list":{"0":"post-831803","1":"product","2":"type-product","3":"status-publish","4":"has-post-thumbnail","6":"product_brand-milwaukee","7":"product_cat-macchinari","8":"product_cat-seghe-accessori-vari","9":"product_tag-imp-26-mw_update","10":"sws-gruppo-macchinari-fr","11":"sws-conto-ricavi-merci-rivendita-macchinari-fr","12":"sws-gruppo-iva-iva81-fr","14":"first","15":"instock","16":"sale","17":"shipping-taxable","18":"purchasable","19":"product-type-simple"},"_links":{"self":[{"href":"https:\/\/lucacastelli.com\/fr\/wp-json\/wp\/v2\/product\/831803","targetHints":{"allow":["GET"]}}],"collection":[{"href":"https:\/\/lucacastelli.com\/fr\/wp-json\/wp\/v2\/product"}],"about":[{"href":"https:\/\/lucacastelli.com\/fr\/wp-json\/wp\/v2\/types\/product"}],"wp:featuredmedia":[{"embeddable":true,"href":"https:\/\/lucacastelli.com\/fr\/wp-json\/wp\/v2\/media\/484688"}],"wp:attachment":[{"href":"https:\/\/lucacastelli.com\/fr\/wp-json\/wp\/v2\/media?parent=831803"}],"wp:term":[{"taxonomy":"product_brand","embeddable":true,"href":"https:\/\/lucacastelli.com\/fr\/wp-json\/wp\/v2\/product_brand?post=831803"},{"taxonomy":"product_cat","embeddable":true,"href":"https:\/\/lucacastelli.com\/fr\/wp-json\/wp\/v2\/product_cat?post=831803"},{"taxonomy":"product_tag","embeddable":true,"href":"https:\/\/lucacastelli.com\/fr\/wp-json\/wp\/v2\/product_tag?post=831803"}],"curies":[{"name":"wp","href":"https:\/\/api.w.org\/{rel}","templated":true}]}}