{"id":831748,"date":"2025-08-07T20:13:44","date_gmt":"2025-08-07T18:13:44","guid":{"rendered":"https:\/\/lucacastelli.com\/prodotto\/milwaukee-papier-abrasif-powergrid-mesh-pour-ponceuses-orbitales-et-excentriques-%e2%8c%80125-150-mm-2\/"},"modified":"2025-08-07T20:13:44","modified_gmt":"2025-08-07T18:13:44","slug":"milwaukee-papier-abrasif-powergrid-mesh-pour-ponceuses-orbitales-et-excentriques-%e2%8c%80125-150-mm-2","status":"publish","type":"product","link":"https:\/\/lucacastelli.com\/fr\/produit\/milwaukee-papier-abrasif-powergrid-mesh-pour-ponceuses-orbitales-et-excentriques-%e2%8c%80125-150-mm-2\/","title":{"rendered":"MILWAUKEE Papier abrasif POWERGRID MESH pour ponceuses orbitales et excentriques \u2300125 &amp; 150 mm"},"content":{"rendered":"<p>DISQUE ABR PG MESH 125MM GR.80- 10pcs<br \/>\nSupport en maille plastique avec grain en oxyde d&#8217;aluminium pour les meilleures performances d&#8217;enl\u00e8vement de mat\u00e9riau de finition; La structure en maille garantit un pon\u00e7age sans poussi\u00e8re \u00e0 99% et aucun colmatage. L&#8217;absence de colmatage et l&#8217;absence de poussi\u00e8re sur la surface de travail garantissent une dur\u00e9e de vie sup\u00e9rieure et une meilleure finition; Alignement rapide des trous pour l&#8217;extraction des poussi\u00e8res et compatibilit\u00e9 universelle avec tous les plateaux de la concurrence; Facile \u00e0 nettoyer et r\u00e9utiliser (laver ou nettoyer); Dur\u00e9e de vie 3 fois sup\u00e9rieure par rapport au papier standard; Adapt\u00e9 \u00e0 tous les types de m\u00e9tal, bois, peinture, pl\u00e2tre et enduit; Il est recommand\u00e9 d&#8217;utiliser le prot\u00e8ge-plateau <\/p>\n<p>4932492185<br \/>\n4058546415525<\/p>\n","protected":false},"excerpt":{"rendered":"<p>DISQUE ABR PG MESH 125MM GR.80- 10pcs<\/p>\n","protected":false},"featured_media":555246,"template":"","meta":{"_seopress_robots_primary_cat":"","_seopress_titles_title":"","_seopress_titles_desc":"","_seopress_robots_index":""},"product_brand":[3658],"product_cat":[5417,144],"product_tag":[3273],"class_list":{"0":"post-831748","1":"product","2":"type-product","3":"status-publish","4":"has-post-thumbnail","6":"product_brand-milwaukee-fr","7":"product_cat-outils-pour-atelier","8":"product_cat-equipement","9":"product_tag-import-milwau-fr","10":"sws-conto-ricavi-merci-rivendita-macchinari-fr","11":"sws-gruppo-iva-iva81-fr","13":"first","14":"onbackorder","15":"sale","16":"shipping-taxable","17":"purchasable","18":"product-type-simple"},"_links":{"self":[{"href":"https:\/\/lucacastelli.com\/fr\/wp-json\/wp\/v2\/product\/831748","targetHints":{"allow":["GET"]}}],"collection":[{"href":"https:\/\/lucacastelli.com\/fr\/wp-json\/wp\/v2\/product"}],"about":[{"href":"https:\/\/lucacastelli.com\/fr\/wp-json\/wp\/v2\/types\/product"}],"wp:featuredmedia":[{"embeddable":true,"href":"https:\/\/lucacastelli.com\/fr\/wp-json\/wp\/v2\/media\/555246"}],"wp:attachment":[{"href":"https:\/\/lucacastelli.com\/fr\/wp-json\/wp\/v2\/media?parent=831748"}],"wp:term":[{"taxonomy":"product_brand","embeddable":true,"href":"https:\/\/lucacastelli.com\/fr\/wp-json\/wp\/v2\/product_brand?post=831748"},{"taxonomy":"product_cat","embeddable":true,"href":"https:\/\/lucacastelli.com\/fr\/wp-json\/wp\/v2\/product_cat?post=831748"},{"taxonomy":"product_tag","embeddable":true,"href":"https:\/\/lucacastelli.com\/fr\/wp-json\/wp\/v2\/product_tag?post=831748"}],"curies":[{"name":"wp","href":"https:\/\/api.w.org\/{rel}","templated":true}]}}