{"id":831738,"date":"2025-08-07T20:13:23","date_gmt":"2025-08-07T18:13:23","guid":{"rendered":"https:\/\/lucacastelli.com\/prodotto\/milwaukee-papier-abrasif-high-performance-pour-ponceuses-excentriques-%e2%8c%80125-150-mm-10\/"},"modified":"2025-08-07T20:13:23","modified_gmt":"2025-08-07T18:13:23","slug":"milwaukee-papier-abrasif-high-performance-pour-ponceuses-excentriques-%e2%8c%80125-150-mm-10","status":"publish","type":"product","link":"https:\/\/lucacastelli.com\/fr\/produit\/milwaukee-papier-abrasif-high-performance-pour-ponceuses-excentriques-%e2%8c%80125-150-mm-10\/","title":{"rendered":"MILWAUKEE Papier abrasif HIGH PERFORMANCE pour ponceuses excentriques \u2300125 &amp; 150 mm"},"content":{"rendered":"<p>DISQUE ABR HP 125MM\/8 TROUS G.320 &#8211; 10pcs<br \/>\nSupport papier flexible \u00e0 l\u2019oxyde d\u2019aluminium avec rev\u00eatement en st\u00e9arate, \u00e9vite l\u2019encrassement ; Rev\u00eatement des grains abrasifs avec film anti-encrassement pour un enl\u00e8vement de mati\u00e8re plus rapide et une productivit\u00e9 accrue ; Dur\u00e9e de vie 2 fois sup\u00e9rieure au papier standard ; Convient \u00e0 tous types de bois, peinture, pl\u00e2tre et mastic<\/p>\n<p>4932492184<br \/>\n4058546415518<\/p>\n","protected":false},"excerpt":{"rendered":"<p>DISQUE ABR HP 125MM\/8 TROUS G.320 &#8211; 10pcs<\/p>\n","protected":false},"featured_media":555241,"template":"","meta":{"_seopress_robots_primary_cat":"","_seopress_titles_title":"","_seopress_titles_desc":"","_seopress_robots_index":""},"product_brand":[3658],"product_cat":[5417,144],"product_tag":[3273],"class_list":{"0":"post-831738","1":"product","2":"type-product","3":"status-publish","4":"has-post-thumbnail","6":"product_brand-milwaukee-fr","7":"product_cat-outils-pour-atelier","8":"product_cat-equipement","9":"product_tag-import-milwau-fr","10":"sws-conto-ricavi-merci-rivendita-macchinari-fr","11":"sws-gruppo-iva-iva81-fr","13":"first","14":"onbackorder","15":"sale","16":"shipping-taxable","17":"purchasable","18":"product-type-simple"},"_links":{"self":[{"href":"https:\/\/lucacastelli.com\/fr\/wp-json\/wp\/v2\/product\/831738","targetHints":{"allow":["GET"]}}],"collection":[{"href":"https:\/\/lucacastelli.com\/fr\/wp-json\/wp\/v2\/product"}],"about":[{"href":"https:\/\/lucacastelli.com\/fr\/wp-json\/wp\/v2\/types\/product"}],"wp:featuredmedia":[{"embeddable":true,"href":"https:\/\/lucacastelli.com\/fr\/wp-json\/wp\/v2\/media\/555241"}],"wp:attachment":[{"href":"https:\/\/lucacastelli.com\/fr\/wp-json\/wp\/v2\/media?parent=831738"}],"wp:term":[{"taxonomy":"product_brand","embeddable":true,"href":"https:\/\/lucacastelli.com\/fr\/wp-json\/wp\/v2\/product_brand?post=831738"},{"taxonomy":"product_cat","embeddable":true,"href":"https:\/\/lucacastelli.com\/fr\/wp-json\/wp\/v2\/product_cat?post=831738"},{"taxonomy":"product_tag","embeddable":true,"href":"https:\/\/lucacastelli.com\/fr\/wp-json\/wp\/v2\/product_tag?post=831738"}],"curies":[{"name":"wp","href":"https:\/\/api.w.org\/{rel}","templated":true}]}}