{"id":831714,"date":"2025-08-07T20:28:48","date_gmt":"2025-08-07T18:28:48","guid":{"rendered":"https:\/\/lucacastelli.com\/prodotto\/milwaukee-couteau-6-en-1-pliable\/"},"modified":"2025-08-07T20:28:48","modified_gmt":"2025-08-07T18:28:48","slug":"milwaukee-couteau-6-en-1-pliable","status":"publish","type":"product","link":"https:\/\/lucacastelli.com\/fr\/produit\/milwaukee-couteau-6-en-1-pliable\/","title":{"rendered":"MILWAUKEE Couteau 6 en 1 pliable"},"content":{"rendered":"<p>COUTEAU 6 EN 1 LAME PLIABLE 1 pce<br \/>\nPorte-embout int\u00e9gr\u00e9 1\/4&#8243; Hex avec embout double PH2 et SL5.5 ; Ouverture d&#8217;une seule main ; Changement rapide de lame. Moins de perte de temps ; D\u00e9nude-c\u00e2bles. R\u00e9duit les temps d&#8217;ex\u00e9cution et optimise l&#8217;application ; Clip ceinture ; D\u00e9capsuleur int\u00e9gr\u00e9  <\/p>\n<p>4932478559<br \/>\n4058546347529<\/p>\n","protected":false},"excerpt":{"rendered":"<p>COUTEAU 6 EN 1 LAME PLIABLE 1 pce<\/p>\n","protected":false},"featured_media":541119,"template":"","meta":{"_seopress_robots_primary_cat":"","_seopress_titles_title":"","_seopress_titles_desc":"","_seopress_robots_index":""},"product_brand":[3658],"product_cat":[144,5417],"product_tag":[3273],"class_list":{"0":"post-831714","1":"product","2":"type-product","3":"status-publish","4":"has-post-thumbnail","6":"product_brand-milwaukee-fr","7":"product_cat-equipement","8":"product_cat-outils-pour-atelier","9":"product_tag-import-milwau-fr","10":"sws-conto-ricavi-merci-rivendita-macchinari-fr","11":"sws-gruppo-iva-iva81-fr","13":"first","14":"onbackorder","15":"sale","16":"shipping-taxable","17":"purchasable","18":"product-type-simple"},"_links":{"self":[{"href":"https:\/\/lucacastelli.com\/fr\/wp-json\/wp\/v2\/product\/831714","targetHints":{"allow":["GET"]}}],"collection":[{"href":"https:\/\/lucacastelli.com\/fr\/wp-json\/wp\/v2\/product"}],"about":[{"href":"https:\/\/lucacastelli.com\/fr\/wp-json\/wp\/v2\/types\/product"}],"wp:featuredmedia":[{"embeddable":true,"href":"https:\/\/lucacastelli.com\/fr\/wp-json\/wp\/v2\/media\/541119"}],"wp:attachment":[{"href":"https:\/\/lucacastelli.com\/fr\/wp-json\/wp\/v2\/media?parent=831714"}],"wp:term":[{"taxonomy":"product_brand","embeddable":true,"href":"https:\/\/lucacastelli.com\/fr\/wp-json\/wp\/v2\/product_brand?post=831714"},{"taxonomy":"product_cat","embeddable":true,"href":"https:\/\/lucacastelli.com\/fr\/wp-json\/wp\/v2\/product_cat?post=831714"},{"taxonomy":"product_tag","embeddable":true,"href":"https:\/\/lucacastelli.com\/fr\/wp-json\/wp\/v2\/product_tag?post=831714"}],"curies":[{"name":"wp","href":"https:\/\/api.w.org\/{rel}","templated":true}]}}