{"id":831708,"date":"2025-08-07T20:28:47","date_gmt":"2025-08-07T18:28:47","guid":{"rendered":"https:\/\/lucacastelli.com\/prodotto\/milwaukee-couteau-2\/"},"modified":"2025-08-07T20:28:47","modified_gmt":"2025-08-07T18:28:47","slug":"milwaukee-couteau-2","status":"publish","type":"product","link":"https:\/\/lucacastelli.com\/fr\/produit\/milwaukee-couteau-2\/","title":{"rendered":"MILWAUKEE Couteau"},"content":{"rendered":"<p>COUTEAU AVEC COMPARTIMENT DE RANGEMENT DES LAMES III GEN.<br \/>\nOuverture simplifi\u00e9e par bouton-poussoir ; Le coupe-fil int\u00e9gr\u00e9 permet de couper sans ouvrir le couteau ; Changement de lame rapide et simple par bouton, pour une efficacit\u00e9 de coupe maximale ; D\u00e9nudeur de c\u00e2ble int\u00e9gr\u00e9 ; Corps mince et clip de fixation ; Clip de ceinture<\/p>\n<p>4932471358<br \/>\n4058546289867<\/p>\n","protected":false},"excerpt":{"rendered":"<p>COUTEAU AVEC COMPARTIMENT DE RANGEMENT DES LAMES III GEN.<\/p>\n","protected":false},"featured_media":536449,"template":"","meta":{"_seopress_robots_primary_cat":"","_seopress_titles_title":"","_seopress_titles_desc":"","_seopress_robots_index":""},"product_brand":[3407],"product_cat":[5416,33],"product_tag":[3270],"class_list":{"0":"post-831708","1":"product","2":"type-product","3":"status-publish","4":"has-post-thumbnail","6":"product_brand-milwaukee","7":"product_cat-utensili-per-officina","8":"product_cat-attrezzature","9":"product_tag-import-milwau","10":"sws-conto-ricavi-merci-rivendita-macchinari-fr","11":"sws-gruppo-iva-iva81-fr","13":"first","14":"onbackorder","15":"sale","16":"shipping-taxable","17":"purchasable","18":"product-type-simple"},"_links":{"self":[{"href":"https:\/\/lucacastelli.com\/fr\/wp-json\/wp\/v2\/product\/831708","targetHints":{"allow":["GET"]}}],"collection":[{"href":"https:\/\/lucacastelli.com\/fr\/wp-json\/wp\/v2\/product"}],"about":[{"href":"https:\/\/lucacastelli.com\/fr\/wp-json\/wp\/v2\/types\/product"}],"wp:featuredmedia":[{"embeddable":true,"href":"https:\/\/lucacastelli.com\/fr\/wp-json\/wp\/v2\/media\/536449"}],"wp:attachment":[{"href":"https:\/\/lucacastelli.com\/fr\/wp-json\/wp\/v2\/media?parent=831708"}],"wp:term":[{"taxonomy":"product_brand","embeddable":true,"href":"https:\/\/lucacastelli.com\/fr\/wp-json\/wp\/v2\/product_brand?post=831708"},{"taxonomy":"product_cat","embeddable":true,"href":"https:\/\/lucacastelli.com\/fr\/wp-json\/wp\/v2\/product_cat?post=831708"},{"taxonomy":"product_tag","embeddable":true,"href":"https:\/\/lucacastelli.com\/fr\/wp-json\/wp\/v2\/product_tag?post=831708"}],"curies":[{"name":"wp","href":"https:\/\/api.w.org\/{rel}","templated":true}]}}