{"id":831680,"date":"2025-08-07T20:28:09","date_gmt":"2025-08-07T18:28:09","guid":{"rendered":"https:\/\/lucacastelli.com\/prodotto\/milwaukee-cles-doubles-pour-raccords-8\/"},"modified":"2025-08-07T20:28:09","modified_gmt":"2025-08-07T18:28:09","slug":"milwaukee-cles-doubles-pour-raccords-8","status":"publish","type":"product","link":"https:\/\/lucacastelli.com\/fr\/produit\/milwaukee-cles-doubles-pour-raccords-8\/","title":{"rendered":"Milwaukee Cl\u00e9s doubles pour raccords"},"content":{"rendered":"<p>CL\u00c9 DOUBLE POUR RACCORDS 12x14mm<br \/>\nG\u00e9om\u00e9trie de la t\u00eate optimis\u00e9e pour une prise s\u00fbre sur les \u00e9l\u00e9ments de fixation et pour r\u00e9duire l&#8217;arrondi des \u00e9crous;Poign\u00e9e arrondie pour un meilleur confort lors de l&#8217;utilisation;Dimensions imprim\u00e9es \u00e0 l&#8217;encre pour une identification rapide;T\u00eate inclin\u00e9e \u00e0 15\u00b0 pour une meilleure accessibilit\u00e9<\/p>\n<p>4932480629<br \/>\n4058546409142<\/p>\n","protected":false},"excerpt":{"rendered":"<p>CL\u00c9 DOUBLE POUR RACCORDS 12x14mm<\/p>\n","protected":false},"featured_media":552962,"template":"","meta":{"_seopress_robots_primary_cat":"","_seopress_titles_title":"","_seopress_titles_desc":"","_seopress_robots_index":""},"product_brand":[3407],"product_cat":[5416,33],"product_tag":[3270],"class_list":{"0":"post-831680","1":"product","2":"type-product","3":"status-publish","4":"has-post-thumbnail","6":"product_brand-milwaukee","7":"product_cat-utensili-per-officina","8":"product_cat-attrezzature","9":"product_tag-import-milwau","10":"sws-conto-ricavi-merci-rivendita-macchinari-fr","11":"sws-gruppo-iva-iva81-fr","13":"first","14":"onbackorder","15":"sale","16":"shipping-taxable","17":"purchasable","18":"product-type-simple"},"_links":{"self":[{"href":"https:\/\/lucacastelli.com\/fr\/wp-json\/wp\/v2\/product\/831680","targetHints":{"allow":["GET"]}}],"collection":[{"href":"https:\/\/lucacastelli.com\/fr\/wp-json\/wp\/v2\/product"}],"about":[{"href":"https:\/\/lucacastelli.com\/fr\/wp-json\/wp\/v2\/types\/product"}],"wp:featuredmedia":[{"embeddable":true,"href":"https:\/\/lucacastelli.com\/fr\/wp-json\/wp\/v2\/media\/552962"}],"wp:attachment":[{"href":"https:\/\/lucacastelli.com\/fr\/wp-json\/wp\/v2\/media?parent=831680"}],"wp:term":[{"taxonomy":"product_brand","embeddable":true,"href":"https:\/\/lucacastelli.com\/fr\/wp-json\/wp\/v2\/product_brand?post=831680"},{"taxonomy":"product_cat","embeddable":true,"href":"https:\/\/lucacastelli.com\/fr\/wp-json\/wp\/v2\/product_cat?post=831680"},{"taxonomy":"product_tag","embeddable":true,"href":"https:\/\/lucacastelli.com\/fr\/wp-json\/wp\/v2\/product_tag?post=831680"}],"curies":[{"name":"wp","href":"https:\/\/api.w.org\/{rel}","templated":true}]}}