{"id":831663,"date":"2025-08-07T20:28:49","date_gmt":"2025-08-07T18:28:49","guid":{"rendered":"https:\/\/lucacastelli.com\/prodotto\/milwaukee-couteau\/"},"modified":"2025-08-07T20:28:49","modified_gmt":"2025-08-07T18:28:49","slug":"milwaukee-couteau","status":"publish","type":"product","link":"https:\/\/lucacastelli.com\/fr\/produit\/milwaukee-couteau\/","title":{"rendered":"MILWAUKEE Couteau"},"content":{"rendered":"<p>COUTEAU DE POCHE<br \/>\nOuverture simplifi\u00e9e par bouton-poussoir ; le coupe-fil int\u00e9gr\u00e9 permet de couper sans ouvrir le couteau ; changement de lame rapide et simple par bouton pour une efficacit\u00e9 de coupe maximale ; d\u00e9nudeur de fil int\u00e9gr\u00e9 ; corps mince et clip de fixation ; clip de ceinture<\/p>\n<p>4932471357<br \/>\n4058546289850<\/p>\n","protected":false},"excerpt":{"rendered":"<p>COUTEAU DE POCHE<\/p>\n","protected":false},"featured_media":536420,"template":"","meta":{"_seopress_robots_primary_cat":"","_seopress_titles_title":"","_seopress_titles_desc":"","_seopress_robots_index":""},"product_brand":[3658],"product_cat":[5417,144],"product_tag":[3273],"class_list":{"0":"post-831663","1":"product","2":"type-product","3":"status-publish","4":"has-post-thumbnail","6":"product_brand-milwaukee-fr","7":"product_cat-outils-pour-atelier","8":"product_cat-equipement","9":"product_tag-import-milwau-fr","10":"sws-conto-ricavi-merci-rivendita-macchinari-fr","11":"sws-gruppo-iva-iva81-fr","13":"first","14":"onbackorder","15":"sale","16":"shipping-taxable","17":"purchasable","18":"product-type-simple"},"_links":{"self":[{"href":"https:\/\/lucacastelli.com\/fr\/wp-json\/wp\/v2\/product\/831663","targetHints":{"allow":["GET"]}}],"collection":[{"href":"https:\/\/lucacastelli.com\/fr\/wp-json\/wp\/v2\/product"}],"about":[{"href":"https:\/\/lucacastelli.com\/fr\/wp-json\/wp\/v2\/types\/product"}],"wp:featuredmedia":[{"embeddable":true,"href":"https:\/\/lucacastelli.com\/fr\/wp-json\/wp\/v2\/media\/536420"}],"wp:attachment":[{"href":"https:\/\/lucacastelli.com\/fr\/wp-json\/wp\/v2\/media?parent=831663"}],"wp:term":[{"taxonomy":"product_brand","embeddable":true,"href":"https:\/\/lucacastelli.com\/fr\/wp-json\/wp\/v2\/product_brand?post=831663"},{"taxonomy":"product_cat","embeddable":true,"href":"https:\/\/lucacastelli.com\/fr\/wp-json\/wp\/v2\/product_cat?post=831663"},{"taxonomy":"product_tag","embeddable":true,"href":"https:\/\/lucacastelli.com\/fr\/wp-json\/wp\/v2\/product_tag?post=831663"}],"curies":[{"name":"wp","href":"https:\/\/api.w.org\/{rel}","templated":true}]}}