{"id":831662,"date":"2025-08-07T20:28:57","date_gmt":"2025-08-07T18:28:57","guid":{"rendered":"https:\/\/lucacastelli.com\/prodotto\/milwaukee-cles-torx-a-tete-spherique\/"},"modified":"2025-08-07T20:28:57","modified_gmt":"2025-08-07T18:28:57","slug":"milwaukee-cles-torx-a-tete-spherique","status":"publish","type":"product","link":"https:\/\/lucacastelli.com\/fr\/produit\/milwaukee-cles-torx-a-tete-spherique\/","title":{"rendered":"MILWAUKEE Cl\u00e9s Torx \u00e0 t\u00eate sph\u00e9rique"},"content":{"rendered":"<p>JEU DE CL\u00c9S TORX LONGUES \u00c0 T\u00caTE SPH\u00c9R. 9 PCS<br \/>\n\u00c9tui exclusif brevet\u00e9 pour un acc\u00e8s facile aux cl\u00e9s ; L\u2019extr\u00e9mit\u00e9 sph\u00e9rique Torx permet un acc\u00e8s \u00e0 25 degr\u00e9s \u00e0 n\u2019importe quelle vis Torx ; Marquage s\u00e9rigraphi\u00e9 sur la cl\u00e9 pour une identification facile et rapide de l\u2019empreinte ; Version longue pour une meilleure port\u00e9e dans les espaces les plus difficiles d\u2019acc\u00e8s ; Trou pour lani\u00e8re de s\u00e9curit\u00e9 <\/p>\n<p>4932492693<br \/>\n4058546475642<\/p>\n","protected":false},"excerpt":{"rendered":"<p>JEU DE CL\u00c9S TORX LONGUES \u00c0 T\u00caTE SPH\u00c9R. 9 PCS <\/p>\n","protected":false},"featured_media":557979,"template":"","meta":{"_seopress_robots_primary_cat":"","_seopress_titles_title":"","_seopress_titles_desc":"","_seopress_robots_index":""},"product_brand":[3407],"product_cat":[5416,33],"product_tag":[3270],"class_list":{"0":"post-831662","1":"product","2":"type-product","3":"status-publish","4":"has-post-thumbnail","6":"product_brand-milwaukee","7":"product_cat-utensili-per-officina","8":"product_cat-attrezzature","9":"product_tag-import-milwau","10":"sws-conto-ricavi-merci-rivendita-macchinari-fr","11":"sws-gruppo-iva-iva81-fr","13":"first","14":"onbackorder","15":"sale","16":"shipping-taxable","17":"purchasable","18":"product-type-simple"},"_links":{"self":[{"href":"https:\/\/lucacastelli.com\/fr\/wp-json\/wp\/v2\/product\/831662","targetHints":{"allow":["GET"]}}],"collection":[{"href":"https:\/\/lucacastelli.com\/fr\/wp-json\/wp\/v2\/product"}],"about":[{"href":"https:\/\/lucacastelli.com\/fr\/wp-json\/wp\/v2\/types\/product"}],"wp:featuredmedia":[{"embeddable":true,"href":"https:\/\/lucacastelli.com\/fr\/wp-json\/wp\/v2\/media\/557979"}],"wp:attachment":[{"href":"https:\/\/lucacastelli.com\/fr\/wp-json\/wp\/v2\/media?parent=831662"}],"wp:term":[{"taxonomy":"product_brand","embeddable":true,"href":"https:\/\/lucacastelli.com\/fr\/wp-json\/wp\/v2\/product_brand?post=831662"},{"taxonomy":"product_cat","embeddable":true,"href":"https:\/\/lucacastelli.com\/fr\/wp-json\/wp\/v2\/product_cat?post=831662"},{"taxonomy":"product_tag","embeddable":true,"href":"https:\/\/lucacastelli.com\/fr\/wp-json\/wp\/v2\/product_tag?post=831662"}],"curies":[{"name":"wp","href":"https:\/\/api.w.org\/{rel}","templated":true}]}}