{"id":831652,"date":"2025-08-07T20:28:56","date_gmt":"2025-08-07T18:28:56","guid":{"rendered":"https:\/\/lucacastelli.com\/prodotto\/milwaukee-cles-pour-mandrins-et-accessoires\/"},"modified":"2025-08-07T20:28:56","modified_gmt":"2025-08-07T18:28:56","slug":"milwaukee-cles-pour-mandrins-et-accessoires","status":"publish","type":"product","link":"https:\/\/lucacastelli.com\/fr\/produit\/milwaukee-cles-pour-mandrins-et-accessoires\/","title":{"rendered":"MILWAUKEE Cl\u00e9s pour mandrins et accessoires"},"content":{"rendered":"<p>C\u00d4NE EXT B4\/MD4 SZ3 -1pce<br \/>\nExtracteur pour l&#8217;extraction de forets \u00e0 logement \u00e0 c\u00f4ne morse du logement<\/p>\n<p>4932604226<br \/>\n4002395311248<\/p>\n","protected":false},"excerpt":{"rendered":"<p>C\u00d4NE EXT B4\/MD4 SZ3 -1pce<\/p>\n","protected":false},"featured_media":568070,"template":"","meta":{"_seopress_robots_primary_cat":"","_seopress_titles_title":"","_seopress_titles_desc":"","_seopress_robots_index":""},"product_brand":[3407],"product_cat":[5416,33],"product_tag":[3270],"class_list":{"0":"post-831652","1":"product","2":"type-product","3":"status-publish","4":"has-post-thumbnail","6":"product_brand-milwaukee","7":"product_cat-utensili-per-officina","8":"product_cat-attrezzature","9":"product_tag-import-milwau","10":"sws-conto-ricavi-merci-rivendita-macchinari-fr","11":"sws-gruppo-iva-iva81-fr","13":"first","14":"onbackorder","15":"sale","16":"shipping-taxable","17":"purchasable","18":"product-type-simple"},"_links":{"self":[{"href":"https:\/\/lucacastelli.com\/fr\/wp-json\/wp\/v2\/product\/831652","targetHints":{"allow":["GET"]}}],"collection":[{"href":"https:\/\/lucacastelli.com\/fr\/wp-json\/wp\/v2\/product"}],"about":[{"href":"https:\/\/lucacastelli.com\/fr\/wp-json\/wp\/v2\/types\/product"}],"wp:featuredmedia":[{"embeddable":true,"href":"https:\/\/lucacastelli.com\/fr\/wp-json\/wp\/v2\/media\/568070"}],"wp:attachment":[{"href":"https:\/\/lucacastelli.com\/fr\/wp-json\/wp\/v2\/media?parent=831652"}],"wp:term":[{"taxonomy":"product_brand","embeddable":true,"href":"https:\/\/lucacastelli.com\/fr\/wp-json\/wp\/v2\/product_brand?post=831652"},{"taxonomy":"product_cat","embeddable":true,"href":"https:\/\/lucacastelli.com\/fr\/wp-json\/wp\/v2\/product_cat?post=831652"},{"taxonomy":"product_tag","embeddable":true,"href":"https:\/\/lucacastelli.com\/fr\/wp-json\/wp\/v2\/product_tag?post=831652"}],"curies":[{"name":"wp","href":"https:\/\/api.w.org\/{rel}","templated":true}]}}