{"id":831611,"date":"2025-08-07T20:29:06","date_gmt":"2025-08-07T18:29:06","guid":{"rendered":"https:\/\/lucacastelli.com\/prodotto\/milwaukee-cles-polygonales-doubles-contre-coudees-12\/"},"modified":"2025-08-07T20:29:06","modified_gmt":"2025-08-07T18:29:06","slug":"milwaukee-cles-polygonales-doubles-contre-coudees-12","status":"publish","type":"product","link":"https:\/\/lucacastelli.com\/fr\/produit\/milwaukee-cles-polygonales-doubles-contre-coudees-12\/","title":{"rendered":"MILWAUKEE Cl\u00e9s polygonales doubles contre-coud\u00e9es"},"content":{"rendered":"<p>CL\u00c9 POLYGONALE DOUBLE CONTRE-COUD\u00c9E 18&#215;19 mm<br \/>\nT\u00eate inclin\u00e9e \u00e0 75\u00b0 pour un meilleur acc\u00e8s dans les espaces restreints ; Poign\u00e9e arrondie et ergonomique pour appliquer un couple maximal ; Marquage laser rempli d\u2019encre pour une meilleure visibilit\u00e9 de la taille ; Finition chrom\u00e9e<\/p>\n<p>4932492747<br \/>\n4058546476182<\/p>\n","protected":false},"excerpt":{"rendered":"<p>CL\u00c9 POLYGONALE DOUBLE CONTRE-COUD\u00c9E 18&#215;19 mm<\/p>\n","protected":false},"featured_media":558301,"template":"","meta":{"_seopress_robots_primary_cat":"","_seopress_titles_title":"","_seopress_titles_desc":"","_seopress_robots_index":""},"product_brand":[3407],"product_cat":[5416,33],"product_tag":[3270],"class_list":{"0":"post-831611","1":"product","2":"type-product","3":"status-publish","4":"has-post-thumbnail","6":"product_brand-milwaukee","7":"product_cat-utensili-per-officina","8":"product_cat-attrezzature","9":"product_tag-import-milwau","10":"sws-conto-ricavi-merci-rivendita-macchinari-fr","11":"sws-gruppo-iva-iva81-fr","13":"first","14":"onbackorder","15":"sale","16":"shipping-taxable","17":"purchasable","18":"product-type-simple"},"_links":{"self":[{"href":"https:\/\/lucacastelli.com\/fr\/wp-json\/wp\/v2\/product\/831611","targetHints":{"allow":["GET"]}}],"collection":[{"href":"https:\/\/lucacastelli.com\/fr\/wp-json\/wp\/v2\/product"}],"about":[{"href":"https:\/\/lucacastelli.com\/fr\/wp-json\/wp\/v2\/types\/product"}],"wp:featuredmedia":[{"embeddable":true,"href":"https:\/\/lucacastelli.com\/fr\/wp-json\/wp\/v2\/media\/558301"}],"wp:attachment":[{"href":"https:\/\/lucacastelli.com\/fr\/wp-json\/wp\/v2\/media?parent=831611"}],"wp:term":[{"taxonomy":"product_brand","embeddable":true,"href":"https:\/\/lucacastelli.com\/fr\/wp-json\/wp\/v2\/product_brand?post=831611"},{"taxonomy":"product_cat","embeddable":true,"href":"https:\/\/lucacastelli.com\/fr\/wp-json\/wp\/v2\/product_cat?post=831611"},{"taxonomy":"product_tag","embeddable":true,"href":"https:\/\/lucacastelli.com\/fr\/wp-json\/wp\/v2\/product_tag?post=831611"}],"curies":[{"name":"wp","href":"https:\/\/api.w.org\/{rel}","templated":true}]}}