{"id":831593,"date":"2025-08-07T20:28:44","date_gmt":"2025-08-07T18:28:44","guid":{"rendered":"https:\/\/lucacastelli.com\/prodotto\/milwaukee-cles-males-coudees-a-tete-spherique\/"},"modified":"2025-08-07T20:28:44","modified_gmt":"2025-08-07T18:28:44","slug":"milwaukee-cles-males-coudees-a-tete-spherique","status":"publish","type":"product","link":"https:\/\/lucacastelli.com\/fr\/produit\/milwaukee-cles-males-coudees-a-tete-spherique\/","title":{"rendered":"MILWAUKEE Cl\u00e9s m\u00e2les coud\u00e9es \u00e0 t\u00eate sph\u00e9rique"},"content":{"rendered":"<p>CL\u00c9 M\u00c2LE LONGUE T\u00caTE SPH\u00c9RIQUE 2 mm<br \/>\n\u00c9tui pivotant et verrouillable pour un acc\u00e8s facile aux cl\u00e9s ; Extr\u00e9mit\u00e9 sph\u00e9rique pour un acc\u00e8s \u00e0 la vis jusqu&#8217;\u00e0 30\u00b0 ; Diam\u00e8tres imprim\u00e9s sur l&#8217;\u00e9tui pour une identification facile ; Pr\u00e9disposition pour cordon antichute<\/p>\n<p>4932492410<br \/>\n4058546417772<\/p>\n","protected":false},"excerpt":{"rendered":"<p>CL\u00c9 M\u00c2LE LONGUE T\u00caTE SPH\u00c9RIQUE 2 mm<\/p>\n","protected":false},"featured_media":541352,"template":"","meta":{"_seopress_robots_primary_cat":"","_seopress_titles_title":"","_seopress_titles_desc":"","_seopress_robots_index":""},"product_brand":[3407],"product_cat":[5416,33],"product_tag":[3270],"class_list":{"0":"post-831593","1":"product","2":"type-product","3":"status-publish","4":"has-post-thumbnail","6":"product_brand-milwaukee","7":"product_cat-utensili-per-officina","8":"product_cat-attrezzature","9":"product_tag-import-milwau","10":"sws-conto-ricavi-merci-rivendita-macchinari-fr","11":"sws-gruppo-iva-iva81-fr","13":"first","14":"onbackorder","15":"sale","16":"shipping-taxable","17":"purchasable","18":"product-type-simple"},"_links":{"self":[{"href":"https:\/\/lucacastelli.com\/fr\/wp-json\/wp\/v2\/product\/831593","targetHints":{"allow":["GET"]}}],"collection":[{"href":"https:\/\/lucacastelli.com\/fr\/wp-json\/wp\/v2\/product"}],"about":[{"href":"https:\/\/lucacastelli.com\/fr\/wp-json\/wp\/v2\/types\/product"}],"wp:featuredmedia":[{"embeddable":true,"href":"https:\/\/lucacastelli.com\/fr\/wp-json\/wp\/v2\/media\/541352"}],"wp:attachment":[{"href":"https:\/\/lucacastelli.com\/fr\/wp-json\/wp\/v2\/media?parent=831593"}],"wp:term":[{"taxonomy":"product_brand","embeddable":true,"href":"https:\/\/lucacastelli.com\/fr\/wp-json\/wp\/v2\/product_brand?post=831593"},{"taxonomy":"product_cat","embeddable":true,"href":"https:\/\/lucacastelli.com\/fr\/wp-json\/wp\/v2\/product_cat?post=831593"},{"taxonomy":"product_tag","embeddable":true,"href":"https:\/\/lucacastelli.com\/fr\/wp-json\/wp\/v2\/product_tag?post=831593"}],"curies":[{"name":"wp","href":"https:\/\/api.w.org\/{rel}","templated":true}]}}