{"id":831580,"date":"2026-04-17T10:38:31","date_gmt":"2026-04-17T08:38:31","guid":{"rendered":"https:\/\/lucacastelli.com\/prodotto\/stihl-veste-a-capuche-stihl-100-reflective\/"},"modified":"2026-04-17T10:38:31","modified_gmt":"2026-04-17T08:38:31","slug":"stihl-veste-a-capuche-stihl-100-reflective","status":"publish","type":"product","link":"https:\/\/lucacastelli.com\/fr\/produit\/stihl-veste-a-capuche-stihl-100-reflective\/","title":{"rendered":"STIHL Veste \u00e0 capuche STIHL 100 REFLECTIVE"},"content":{"rendered":"<p>C\u00e9l\u00e9brez le centenaire de la marque STIHL en v\u00e9ritable fan avec ce sweat \u00e0 capuche unisexe noir. Ce sweat, \u00e0 la coupe regular-fit, est confectionn\u00e9 \u00e0 100 % en coton biologique. Gr\u00e2ce \u00e0 son style \u00e9pur\u00e9, il s\u2019associe de multiples fa\u00e7ons. Un discret logo STIHL est pr\u00e9sent sur le c\u00f4t\u00e9 gauche de la poitrine. L\u2019\u00e9l\u00e9ment central est l\u2019impression r\u00e9fl\u00e9chissante noire du centenaire \u00ab 100 LEGENDARY SINCE 1926 \u00bb situ\u00e9e au dos.    <\/p>\n","protected":false},"excerpt":{"rendered":"<p>C\u00e9l\u00e9brez le centenaire de la marque STIHL en v\u00e9ritable fan avec ce sweat \u00e0 capuche unisexe noir. Ce sweat, \u00e0<\/p>\n","protected":false},"featured_media":831334,"template":"","meta":{"_seopress_robots_primary_cat":"none","_seopress_titles_title":"","_seopress_titles_desc":"","_seopress_robots_index":""},"product_brand":[3555],"product_cat":[81,981,982],"product_tag":[],"class_list":{"0":"post-831580","1":"product","2":"type-product","3":"status-publish","4":"has-post-thumbnail","6":"product_brand-stihl-fr","7":"product_cat-vetements","8":"product_cat-vetements-de-loisirs","9":"product_cat-vetements-pour-hommes","10":"sws-gruppo-abb-libero-fr","11":"sws-conto-ricavi-merci-rivendita-abbigliamento-fr","12":"sws-gruppo-iva-iva81-fr","14":"first","15":"instock","16":"shipping-taxable","17":"purchasable","18":"product-type-simple"},"_links":{"self":[{"href":"https:\/\/lucacastelli.com\/fr\/wp-json\/wp\/v2\/product\/831580","targetHints":{"allow":["GET"]}}],"collection":[{"href":"https:\/\/lucacastelli.com\/fr\/wp-json\/wp\/v2\/product"}],"about":[{"href":"https:\/\/lucacastelli.com\/fr\/wp-json\/wp\/v2\/types\/product"}],"wp:featuredmedia":[{"embeddable":true,"href":"https:\/\/lucacastelli.com\/fr\/wp-json\/wp\/v2\/media\/831334"}],"wp:attachment":[{"href":"https:\/\/lucacastelli.com\/fr\/wp-json\/wp\/v2\/media?parent=831580"}],"wp:term":[{"taxonomy":"product_brand","embeddable":true,"href":"https:\/\/lucacastelli.com\/fr\/wp-json\/wp\/v2\/product_brand?post=831580"},{"taxonomy":"product_cat","embeddable":true,"href":"https:\/\/lucacastelli.com\/fr\/wp-json\/wp\/v2\/product_cat?post=831580"},{"taxonomy":"product_tag","embeddable":true,"href":"https:\/\/lucacastelli.com\/fr\/wp-json\/wp\/v2\/product_tag?post=831580"}],"curies":[{"name":"wp","href":"https:\/\/api.w.org\/{rel}","templated":true}]}}