{"id":831566,"date":"2026-04-17T11:04:27","date_gmt":"2026-04-17T09:04:27","guid":{"rendered":"https:\/\/lucacastelli.com\/prodotto\/casquette-de-baseball-stihl-100-reflective\/"},"modified":"2026-04-17T11:04:27","modified_gmt":"2026-04-17T09:04:27","slug":"casquette-de-baseball-stihl-100-reflective","status":"publish","type":"product","link":"https:\/\/lucacastelli.com\/fr\/produit\/casquette-de-baseball-stihl-100-reflective\/","title":{"rendered":"Casquette de baseball STIHL 100 REFLECTIVE"},"content":{"rendered":"<p>C\u00e9l\u00e9brez le centenaire de la marque STIHL comme un vrai fan avec cette casquette trucker noire. La partie arri\u00e8re de cette casquette \u00e0 5 panneaux est r\u00e9alis\u00e9e en filet respirant. La taille est r\u00e9glable individuellement via une fermeture snapback. Le d\u00e9tail principal est l\u2019imprim\u00e9 r\u00e9fl\u00e9chissant noir du centenaire STIHL \u00ab 100 LEGENDARY SINCE 1926 \u00bb sur le devant. La visi\u00e8re pr\u00e9sente une couture \u00e0 six points qui lui conf\u00e8re un look unique.    <\/p>\n","protected":false},"excerpt":{"rendered":"<p>C\u00e9l\u00e9brez le centenaire de la marque STIHL comme un vrai fan avec cette casquette trucker noire. La partie arri\u00e8re de<\/p>\n","protected":false},"featured_media":831419,"template":"","meta":{"_seopress_robots_primary_cat":"","_seopress_titles_title":"","_seopress_titles_desc":"","_seopress_robots_index":""},"product_brand":[3555],"product_cat":[81,1390],"product_tag":[],"class_list":{"0":"post-831566","1":"product","2":"type-product","3":"status-publish","4":"has-post-thumbnail","6":"product_brand-stihl-fr","7":"product_cat-vetements","8":"product_cat-accessoires-dhabillement","9":"sws-gruppo-abb-libero-fr","10":"sws-conto-ricavi-merci-rivendita-abbigliamento-fr","11":"sws-gruppo-iva-iva81-fr","13":"first","14":"instock","15":"shipping-taxable","16":"purchasable","17":"product-type-simple"},"_links":{"self":[{"href":"https:\/\/lucacastelli.com\/fr\/wp-json\/wp\/v2\/product\/831566","targetHints":{"allow":["GET"]}}],"collection":[{"href":"https:\/\/lucacastelli.com\/fr\/wp-json\/wp\/v2\/product"}],"about":[{"href":"https:\/\/lucacastelli.com\/fr\/wp-json\/wp\/v2\/types\/product"}],"wp:featuredmedia":[{"embeddable":true,"href":"https:\/\/lucacastelli.com\/fr\/wp-json\/wp\/v2\/media\/831419"}],"wp:attachment":[{"href":"https:\/\/lucacastelli.com\/fr\/wp-json\/wp\/v2\/media?parent=831566"}],"wp:term":[{"taxonomy":"product_brand","embeddable":true,"href":"https:\/\/lucacastelli.com\/fr\/wp-json\/wp\/v2\/product_brand?post=831566"},{"taxonomy":"product_cat","embeddable":true,"href":"https:\/\/lucacastelli.com\/fr\/wp-json\/wp\/v2\/product_cat?post=831566"},{"taxonomy":"product_tag","embeddable":true,"href":"https:\/\/lucacastelli.com\/fr\/wp-json\/wp\/v2\/product_tag?post=831566"}],"curies":[{"name":"wp","href":"https:\/\/api.w.org\/{rel}","templated":true}]}}