{"id":831528,"date":"2026-04-17T11:05:46","date_gmt":"2026-04-17T09:05:46","guid":{"rendered":"https:\/\/lucacastelli.com\/prodotto\/porte-cles-stihl-100-ans\/"},"modified":"2026-04-17T11:05:46","modified_gmt":"2026-04-17T09:05:46","slug":"porte-cles-stihl-100-ans","status":"publish","type":"product","link":"https:\/\/lucacastelli.com\/fr\/produit\/porte-cles-stihl-100-ans\/","title":{"rendered":"Porte-cl\u00e9s STIHL 100 ans"},"content":{"rendered":"<p>\u00c0 l&#8217;occasion du centenaire de STIHL, ce porte-cl\u00e9s en bois de h\u00eatre avec l&#8217;inscription \u00ab100 LEGENDARY SINCE 1926\u00bb et le logo STIHL est un accessoire indispensable pour le trousseau de cl\u00e9s de tout v\u00e9ritable passionn\u00e9 de STIHL. Le porte-cl\u00e9s en bois et l&#8217;anneau porte-cl\u00e9s en fer avec alliage couleur or antique sont maintenus ensemble par un \u00e9l\u00e9ment de liaison en cuir PU. Dimensions : 8,2 x 2,1 cm, diam\u00e8tre de l&#8217;anneau porte-cl\u00e9s : env. 3 cm  <\/p>\n","protected":false},"excerpt":{"rendered":"<p>\u00c0 l&#8217;occasion du centenaire de STIHL, ce porte-cl\u00e9s en bois de h\u00eatre avec l&#8217;inscription \u00ab100 LEGENDARY SINCE 1926\u00bb et le<\/p>\n","protected":false},"featured_media":831496,"template":"","meta":{"_seopress_robots_primary_cat":"none","_seopress_titles_title":"","_seopress_titles_desc":"","_seopress_robots_index":""},"product_brand":[3555],"product_cat":[1477],"product_tag":[],"class_list":{"0":"post-831528","1":"product","2":"type-product","3":"status-publish","4":"has-post-thumbnail","6":"product_brand-stihl-fr","7":"product_cat-shop-fr","8":"sws-gruppo-abb-libero-fr","9":"sws-conto-ricavi-merci-rivendita-abbigliamento-fr","10":"sws-gruppo-iva-iva81-fr","12":"first","13":"instock","14":"shipping-taxable","15":"purchasable","16":"product-type-simple"},"_links":{"self":[{"href":"https:\/\/lucacastelli.com\/fr\/wp-json\/wp\/v2\/product\/831528","targetHints":{"allow":["GET"]}}],"collection":[{"href":"https:\/\/lucacastelli.com\/fr\/wp-json\/wp\/v2\/product"}],"about":[{"href":"https:\/\/lucacastelli.com\/fr\/wp-json\/wp\/v2\/types\/product"}],"wp:featuredmedia":[{"embeddable":true,"href":"https:\/\/lucacastelli.com\/fr\/wp-json\/wp\/v2\/media\/831496"}],"wp:attachment":[{"href":"https:\/\/lucacastelli.com\/fr\/wp-json\/wp\/v2\/media?parent=831528"}],"wp:term":[{"taxonomy":"product_brand","embeddable":true,"href":"https:\/\/lucacastelli.com\/fr\/wp-json\/wp\/v2\/product_brand?post=831528"},{"taxonomy":"product_cat","embeddable":true,"href":"https:\/\/lucacastelli.com\/fr\/wp-json\/wp\/v2\/product_cat?post=831528"},{"taxonomy":"product_tag","embeddable":true,"href":"https:\/\/lucacastelli.com\/fr\/wp-json\/wp\/v2\/product_tag?post=831528"}],"curies":[{"name":"wp","href":"https:\/\/api.w.org\/{rel}","templated":true}]}}