{"id":831511,"date":"2026-04-17T10:39:32","date_gmt":"2026-04-17T08:39:32","guid":{"rendered":"https:\/\/lucacastelli.com\/prodotto\/t-shirt-stihl-sz-m-stihl-100-reflective\/"},"modified":"2026-04-17T10:39:32","modified_gmt":"2026-04-17T08:39:32","slug":"t-shirt-stihl-sz-m-stihl-100-reflective","status":"publish","type":"product","link":"https:\/\/lucacastelli.com\/fr\/produit\/t-shirt-stihl-sz-m-stihl-100-reflective\/","title":{"rendered":"T-shirt STIHL SZ M STIHL 100 REFLECTIVE"},"content":{"rendered":"<p>\u00c0 l\u2019occasion du centenaire de STIHL, ce t-shirt unisexe noir prouve que vous \u00eates un v\u00e9ritable fan de la marque. T-shirt \u00e0 coupe regular-fit fabriqu\u00e9 \u00e0 100 % en coton biologique. Gr\u00e2ce \u00e0 son design sobre, il peut \u00eatre combin\u00e9 de multiples fa\u00e7ons. Un petit logo STIHL figure sur la poitrine. \u00c9l\u00e9ment distinctif : l\u2019impression r\u00e9fl\u00e9chissante noire du centenaire STIHL \u00ab 100 LEGENDARY SINCE 1926 \u00bb au dos du t-shirt.    <\/p>\n","protected":false},"excerpt":{"rendered":"<p>\u00c0 l\u2019occasion du centenaire de STIHL, ce t-shirt unisexe noir prouve que vous \u00eates un v\u00e9ritable fan de la marque.<\/p>\n","protected":false},"featured_media":831345,"template":"","meta":{"_seopress_robots_primary_cat":"none","_seopress_titles_title":"","_seopress_titles_desc":"","_seopress_robots_index":""},"product_brand":[3555],"product_cat":[81,981,982],"product_tag":[],"class_list":{"0":"post-831511","1":"product","2":"type-product","3":"status-publish","4":"has-post-thumbnail","6":"product_brand-stihl-fr","7":"product_cat-vetements","8":"product_cat-vetements-de-loisirs","9":"product_cat-vetements-pour-hommes","10":"sws-gruppo-abb-libero-fr","11":"sws-conto-ricavi-merci-rivendita-abbigliamento-fr","12":"sws-gruppo-iva-iva81-fr","14":"first","15":"instock","16":"shipping-taxable","17":"purchasable","18":"product-type-simple"},"_links":{"self":[{"href":"https:\/\/lucacastelli.com\/fr\/wp-json\/wp\/v2\/product\/831511","targetHints":{"allow":["GET"]}}],"collection":[{"href":"https:\/\/lucacastelli.com\/fr\/wp-json\/wp\/v2\/product"}],"about":[{"href":"https:\/\/lucacastelli.com\/fr\/wp-json\/wp\/v2\/types\/product"}],"wp:featuredmedia":[{"embeddable":true,"href":"https:\/\/lucacastelli.com\/fr\/wp-json\/wp\/v2\/media\/831345"}],"wp:attachment":[{"href":"https:\/\/lucacastelli.com\/fr\/wp-json\/wp\/v2\/media?parent=831511"}],"wp:term":[{"taxonomy":"product_brand","embeddable":true,"href":"https:\/\/lucacastelli.com\/fr\/wp-json\/wp\/v2\/product_brand?post=831511"},{"taxonomy":"product_cat","embeddable":true,"href":"https:\/\/lucacastelli.com\/fr\/wp-json\/wp\/v2\/product_cat?post=831511"},{"taxonomy":"product_tag","embeddable":true,"href":"https:\/\/lucacastelli.com\/fr\/wp-json\/wp\/v2\/product_tag?post=831511"}],"curies":[{"name":"wp","href":"https:\/\/api.w.org\/{rel}","templated":true}]}}