{"id":831503,"date":"2026-04-17T11:18:07","date_gmt":"2026-04-17T09:18:07","guid":{"rendered":"https:\/\/lucacastelli.com\/prodotto\/key-tool-100-ans\/"},"modified":"2026-04-17T11:18:07","modified_gmt":"2026-04-17T09:18:07","slug":"key-tool-100-ans","status":"publish","type":"product","link":"https:\/\/lucacastelli.com\/fr\/produit\/key-tool-100-ans\/","title":{"rendered":"Key Tool 100 ans"},"content":{"rendered":"<p>Ce Key Tool STIHL \u00ab 100 ANS \u00bb offre six fonctions : tournevis plat, arrache-clou, cl\u00e9 en \u00e9toile, cl\u00e9 hexagonale ou d\u00e9capsuleur. Il est dot\u00e9 d\u2019un anneau de fixation, par exemple pour un porte-cl\u00e9s. Avec ses dimensions pratiques d\u2019env. 6 x 2,7 cm, il se transporte facilement sur un porte-cl\u00e9s ou dans une bo\u00eete \u00e0 outils. \u00c0 l\u2019occasion du 100e anniversaire de STIHL, le Key Tool en acier inoxydable satin\u00e9 est en forme de \u00ab 100 \u00bb, grav\u00e9 du logo STIHL et emball\u00e9 dans un \u00e9l\u00e9gant d\u00e9pliant comm\u00e9moratif.   <\/p>\n","protected":false},"excerpt":{"rendered":"<p>Ce Key Tool STIHL \u00ab 100 ANS \u00bb offre six fonctions : tournevis plat, arrache-clou, cl\u00e9 en \u00e9toile, cl\u00e9 hexagonale<\/p>\n","protected":false},"featured_media":831501,"template":"","meta":{"_seopress_robots_primary_cat":"none","_seopress_titles_title":"","_seopress_titles_desc":"","_seopress_robots_index":""},"product_brand":[3555],"product_cat":[1477],"product_tag":[],"class_list":{"0":"post-831503","1":"product","2":"type-product","3":"status-publish","4":"has-post-thumbnail","6":"product_brand-stihl-fr","7":"product_cat-shop-fr","8":"sws-gruppo-abb-libero-fr","9":"sws-conto-ricavi-merci-rivendita-abbigliamento-fr","10":"sws-gruppo-iva-iva81-fr","12":"first","13":"instock","14":"shipping-taxable","15":"purchasable","16":"product-type-simple"},"_links":{"self":[{"href":"https:\/\/lucacastelli.com\/fr\/wp-json\/wp\/v2\/product\/831503","targetHints":{"allow":["GET"]}}],"collection":[{"href":"https:\/\/lucacastelli.com\/fr\/wp-json\/wp\/v2\/product"}],"about":[{"href":"https:\/\/lucacastelli.com\/fr\/wp-json\/wp\/v2\/types\/product"}],"wp:featuredmedia":[{"embeddable":true,"href":"https:\/\/lucacastelli.com\/fr\/wp-json\/wp\/v2\/media\/831501"}],"wp:attachment":[{"href":"https:\/\/lucacastelli.com\/fr\/wp-json\/wp\/v2\/media?parent=831503"}],"wp:term":[{"taxonomy":"product_brand","embeddable":true,"href":"https:\/\/lucacastelli.com\/fr\/wp-json\/wp\/v2\/product_brand?post=831503"},{"taxonomy":"product_cat","embeddable":true,"href":"https:\/\/lucacastelli.com\/fr\/wp-json\/wp\/v2\/product_cat?post=831503"},{"taxonomy":"product_tag","embeddable":true,"href":"https:\/\/lucacastelli.com\/fr\/wp-json\/wp\/v2\/product_tag?post=831503"}],"curies":[{"name":"wp","href":"https:\/\/api.w.org\/{rel}","templated":true}]}}