{"id":831493,"date":"2025-08-07T20:29:37","date_gmt":"2025-08-07T18:29:37","guid":{"rendered":"https:\/\/lucacastelli.com\/prodotto\/milwaukee-couteau-retractable\/"},"modified":"2025-08-07T20:29:37","modified_gmt":"2025-08-07T18:29:37","slug":"milwaukee-couteau-retractable","status":"publish","type":"product","link":"https:\/\/lucacastelli.com\/fr\/produit\/milwaukee-couteau-retractable\/","title":{"rendered":"MILWAUKEE Couteau r\u00e9tractable"},"content":{"rendered":"<p>COUTEAU \u00c0 LAME R\u00c9TRACTABLE<br \/>\nLa lame se r\u00e9tracte lorsque le bouton est rel\u00e2ch\u00e9 ; 2 r\u00e9glages de lame pour mieux contr\u00f4ler la profondeur de coupe ; Compartiment pouvant contenir jusqu\u2019\u00e0 5 lames ; Changement de lame rapide sans tournevis ; Corps enti\u00e8rement m\u00e9tallique ; D\u00e9nudeur de fil jusqu\u2019\u00e0 5 mm de diam\u00e8tre<\/p>\n<p>4932471360<br \/>\n4058546289881<\/p>\n","protected":false},"excerpt":{"rendered":"<p>COUTEAU \u00c0 LAME R\u00c9TRACTABLE<\/p>\n","protected":false},"featured_media":536470,"template":"","meta":{"_seopress_robots_primary_cat":"","_seopress_titles_title":"","_seopress_titles_desc":"","_seopress_robots_index":""},"product_brand":[3407],"product_cat":[5416,33],"product_tag":[3270],"class_list":{"0":"post-831493","1":"product","2":"type-product","3":"status-publish","4":"has-post-thumbnail","6":"product_brand-milwaukee","7":"product_cat-utensili-per-officina","8":"product_cat-attrezzature","9":"product_tag-import-milwau","10":"sws-conto-ricavi-merci-rivendita-macchinari-fr","11":"sws-gruppo-iva-iva81-fr","13":"first","14":"onbackorder","15":"sale","16":"shipping-taxable","17":"purchasable","18":"product-type-simple"},"_links":{"self":[{"href":"https:\/\/lucacastelli.com\/fr\/wp-json\/wp\/v2\/product\/831493","targetHints":{"allow":["GET"]}}],"collection":[{"href":"https:\/\/lucacastelli.com\/fr\/wp-json\/wp\/v2\/product"}],"about":[{"href":"https:\/\/lucacastelli.com\/fr\/wp-json\/wp\/v2\/types\/product"}],"wp:featuredmedia":[{"embeddable":true,"href":"https:\/\/lucacastelli.com\/fr\/wp-json\/wp\/v2\/media\/536470"}],"wp:attachment":[{"href":"https:\/\/lucacastelli.com\/fr\/wp-json\/wp\/v2\/media?parent=831493"}],"wp:term":[{"taxonomy":"product_brand","embeddable":true,"href":"https:\/\/lucacastelli.com\/fr\/wp-json\/wp\/v2\/product_brand?post=831493"},{"taxonomy":"product_cat","embeddable":true,"href":"https:\/\/lucacastelli.com\/fr\/wp-json\/wp\/v2\/product_cat?post=831493"},{"taxonomy":"product_tag","embeddable":true,"href":"https:\/\/lucacastelli.com\/fr\/wp-json\/wp\/v2\/product_tag?post=831493"}],"curies":[{"name":"wp","href":"https:\/\/api.w.org\/{rel}","templated":true}]}}