{"id":831490,"date":"2025-08-07T20:29:39","date_gmt":"2025-08-07T18:29:39","guid":{"rendered":"https:\/\/lucacastelli.com\/prodotto\/milwaukee-cutter-a-lame-coulissante\/"},"modified":"2025-08-07T20:29:39","modified_gmt":"2025-08-07T18:29:39","slug":"milwaukee-cutter-a-lame-coulissante","status":"publish","type":"product","link":"https:\/\/lucacastelli.com\/fr\/produit\/milwaukee-cutter-a-lame-coulissante\/","title":{"rendered":"MILWAUKEE Cutter \u00e0 lame coulissante"},"content":{"rendered":"<p>CUTTER \u00c0 LAME COULISSANTE<br \/>\nLe bouton de d\u00e9placement de la lame r\u00e9duit le risque de coupure pour l&#8217;op\u00e9rateur.;Le d\u00e9nude-c\u00e2ble permet de d\u00e9nuder les c\u00e2bles \u00e9lectriques.;Gr\u00e2ce au bouton, le changement de lame est rapide et simple, pour une efficacit\u00e9 de coupe maximale.;Compartiment porte-lames avec aimant, permettant de contenir jusqu&#8217;\u00e0 5 lames.;Corps enti\u00e8rement en m\u00e9tal et caoutchout\u00e9 pour augmenter la r\u00e9sistance et le confort lors de l&#8217;utilisation.<\/p>\n<p>4932492378<br \/>\n4058546417451<\/p>\n","protected":false},"excerpt":{"rendered":"<p>CUTTER \u00c0 LAME COULISSANTE<\/p>\n","protected":false},"featured_media":598627,"template":"","meta":{"_seopress_robots_primary_cat":"","_seopress_titles_title":"","_seopress_titles_desc":"","_seopress_robots_index":""},"product_brand":[3658],"product_cat":[144,5417],"product_tag":[3273],"class_list":{"0":"post-831490","1":"product","2":"type-product","3":"status-publish","4":"has-post-thumbnail","6":"product_brand-milwaukee-fr","7":"product_cat-equipement","8":"product_cat-outils-pour-atelier","9":"product_tag-import-milwau-fr","10":"sws-conto-ricavi-merci-rivendita-macchinari-fr","11":"sws-gruppo-iva-iva81-fr","13":"first","14":"onbackorder","15":"sale","16":"shipping-taxable","17":"purchasable","18":"product-type-simple"},"_links":{"self":[{"href":"https:\/\/lucacastelli.com\/fr\/wp-json\/wp\/v2\/product\/831490","targetHints":{"allow":["GET"]}}],"collection":[{"href":"https:\/\/lucacastelli.com\/fr\/wp-json\/wp\/v2\/product"}],"about":[{"href":"https:\/\/lucacastelli.com\/fr\/wp-json\/wp\/v2\/types\/product"}],"wp:featuredmedia":[{"embeddable":true,"href":"https:\/\/lucacastelli.com\/fr\/wp-json\/wp\/v2\/media\/598627"}],"wp:attachment":[{"href":"https:\/\/lucacastelli.com\/fr\/wp-json\/wp\/v2\/media?parent=831490"}],"wp:term":[{"taxonomy":"product_brand","embeddable":true,"href":"https:\/\/lucacastelli.com\/fr\/wp-json\/wp\/v2\/product_brand?post=831490"},{"taxonomy":"product_cat","embeddable":true,"href":"https:\/\/lucacastelli.com\/fr\/wp-json\/wp\/v2\/product_cat?post=831490"},{"taxonomy":"product_tag","embeddable":true,"href":"https:\/\/lucacastelli.com\/fr\/wp-json\/wp\/v2\/product_tag?post=831490"}],"curies":[{"name":"wp","href":"https:\/\/api.w.org\/{rel}","templated":true}]}}