{"id":831486,"date":"2025-08-08T11:18:32","date_gmt":"2025-08-08T09:18:32","guid":{"rendered":"https:\/\/lucacastelli.com\/prodotto\/milwaukee-reservoir-15-l-pour-produits-chimiques-m18-switch-tank\/"},"modified":"2025-08-08T11:18:32","modified_gmt":"2025-08-08T09:18:32","slug":"milwaukee-reservoir-15-l-pour-produits-chimiques-m18-switch-tank","status":"publish","type":"product","link":"https:\/\/lucacastelli.com\/fr\/produit\/milwaukee-reservoir-15-l-pour-produits-chimiques-m18-switch-tank\/","title":{"rendered":"MILWAUKEE R\u00e9servoir 15 l pour produits chimiques M18\u2122 SWITCH TANK\u2122"},"content":{"rendered":"<p>R\u00e9servoir 15 l pour produits chimiques M18\u2122 SWITCH TANK\u2122<br \/>\nM18 BBPFP2-CST \/ R\u00c9SERVOIR CHIMIQUE<br \/>\n100 % compatible avec le syst\u00e8me SWITCH TANK\u2122 de deuxi\u00e8me g\u00e9n\u00e9ration ; Distance de pulv\u00e9risation verticale maximale de 7,4 m, avec d\u00e9bit r\u00e9glable &#8211; du jet conique au jet direct selon la pr\u00e9f\u00e9rence de l\u2019utilisateur ou l\u2019application ; R\u00e9servoir adapt\u00e9 aux pesticides, engrais, traitements, herbicides, fongicides, insecticides, antigel et autres ; R\u00e9servoir semi-transparent avec \u00e9chelle de mesure pour conna\u00eetre la quantit\u00e9 de liquide \u00e0 l\u2019int\u00e9rieur du r\u00e9servoir ; La poign\u00e9e de transport sur le couvercle et le large r\u00e9servoir facilitent le transport et le versement du liquide dans le r\u00e9servoir ; Lance avec poign\u00e9e ergonomique en caoutchouc avec possibilit\u00e9 de blocage pour les travaux de grande envergure ; Rangement pour la lance du pulv\u00e9risateur afin de gagner de la place et d\u2019\u00e9viter les dommages pendant le transport ; Le filtre int\u00e9gr\u00e9 emp\u00eache la p\u00e9n\u00e9tration de d\u00e9bris dans le r\u00e9servoir<\/p>\n<p>4933498964<br \/>\n4058546528331<\/p>\n","protected":false},"excerpt":{"rendered":"<p>M18 BBPFP2-CST \/ R\u00c9SERVOIR CHIMIQUE<\/p>\n","protected":false},"featured_media":591130,"template":"","meta":{"_seopress_robots_primary_cat":"","_seopress_titles_title":"","_seopress_titles_desc":"","_seopress_robots_index":""},"product_brand":[3658],"product_cat":[167,1516,1567],"product_tag":[3273],"class_list":{"0":"post-831486","1":"product","2":"type-product","3":"status-publish","4":"has-post-thumbnail","6":"product_brand-milwaukee-fr","7":"product_cat-machines","8":"product_cat-pulverisateurs","9":"product_cat-brumisateurs-et-pulverisateurs","10":"product_tag-import-milwau-fr","11":"sws-conto-ricavi-merci-rivendita-macchinari-fr","12":"sws-gruppo-iva-iva81-fr","14":"first","15":"onbackorder","16":"sale","17":"shipping-taxable","18":"purchasable","19":"product-type-simple"},"_links":{"self":[{"href":"https:\/\/lucacastelli.com\/fr\/wp-json\/wp\/v2\/product\/831486","targetHints":{"allow":["GET"]}}],"collection":[{"href":"https:\/\/lucacastelli.com\/fr\/wp-json\/wp\/v2\/product"}],"about":[{"href":"https:\/\/lucacastelli.com\/fr\/wp-json\/wp\/v2\/types\/product"}],"wp:featuredmedia":[{"embeddable":true,"href":"https:\/\/lucacastelli.com\/fr\/wp-json\/wp\/v2\/media\/591130"}],"wp:attachment":[{"href":"https:\/\/lucacastelli.com\/fr\/wp-json\/wp\/v2\/media?parent=831486"}],"wp:term":[{"taxonomy":"product_brand","embeddable":true,"href":"https:\/\/lucacastelli.com\/fr\/wp-json\/wp\/v2\/product_brand?post=831486"},{"taxonomy":"product_cat","embeddable":true,"href":"https:\/\/lucacastelli.com\/fr\/wp-json\/wp\/v2\/product_cat?post=831486"},{"taxonomy":"product_tag","embeddable":true,"href":"https:\/\/lucacastelli.com\/fr\/wp-json\/wp\/v2\/product_tag?post=831486"}],"curies":[{"name":"wp","href":"https:\/\/api.w.org\/{rel}","templated":true}]}}