{"id":831478,"date":"2025-08-08T11:18:31","date_gmt":"2025-08-08T09:18:31","guid":{"rendered":"https:\/\/lucacastelli.com\/prodotto\/milwaukee-reservoir-deau-15-l-m18-switch-tank\/"},"modified":"2025-08-08T11:18:31","modified_gmt":"2025-08-08T09:18:31","slug":"milwaukee-reservoir-deau-15-l-m18-switch-tank","status":"publish","type":"product","link":"https:\/\/lucacastelli.com\/fr\/produit\/milwaukee-reservoir-deau-15-l-m18-switch-tank\/","title":{"rendered":"MILWAUKEE R\u00e9servoir d\u2019eau 15 l M18\u2122 SWITCH TANK\u2122"},"content":{"rendered":"<p>R\u00e9servoir d\u2019eau 15 l M18\u2122 SWITCH TANK\u2122<br \/>\nM18 BBPFP2-WST \/ R\u00c9SERVOIR D\u2019EAU<br \/>\n100 % compatible avec le syst\u00e8me SWITCH TANK\u2122 de deuxi\u00e8me g\u00e9n\u00e9ration ; R\u00e9servoir pour une distribution efficace de l\u2019eau lors des op\u00e9rations de coupe et de carottage sur le b\u00e9ton, \u00e9galement utile pour le nettoyage de zones ou d\u2019\u00e9quipements boueux ; R\u00e9servoir semi-transparent avec \u00e9chelle de mesure pour conna\u00eetre la quantit\u00e9 de liquide \u00e0 l\u2019int\u00e9rieur ; La poign\u00e9e de transport sur le couvercle et le large r\u00e9servoir facilitent le transport et le versement du liquide ; Tuyau rempla\u00e7able avec raccord rapide pour tuyaux d\u2019arrosage standard et buse de pulv\u00e9risation &#8211; se fixe facilement aux \u00e9quipements de coupe et de carottage du b\u00e9ton. \u00c9galement compatible avec les accessoires de buses de jardin standard ; Le filtre int\u00e9gr\u00e9 emp\u00eache la p\u00e9n\u00e9tration de d\u00e9bris dans le r\u00e9servoir <\/p>\n<p>4933498965<br \/>\n4058546528348<\/p>\n","protected":false},"excerpt":{"rendered":"<p>M18 BBPFP2-WST \/ R\u00c9SERVOIR D\u2019EAU<\/p>\n","protected":false},"featured_media":591105,"template":"","meta":{"_seopress_robots_primary_cat":"","_seopress_titles_title":"","_seopress_titles_desc":"","_seopress_robots_index":""},"product_brand":[3658],"product_cat":[167,1516,1567],"product_tag":[3273],"class_list":{"0":"post-831478","1":"product","2":"type-product","3":"status-publish","4":"has-post-thumbnail","6":"product_brand-milwaukee-fr","7":"product_cat-machines","8":"product_cat-pulverisateurs","9":"product_cat-brumisateurs-et-pulverisateurs","10":"product_tag-import-milwau-fr","11":"sws-conto-ricavi-merci-rivendita-macchinari-fr","12":"sws-gruppo-iva-iva81-fr","14":"first","15":"onbackorder","16":"sale","17":"shipping-taxable","18":"purchasable","19":"product-type-simple"},"_links":{"self":[{"href":"https:\/\/lucacastelli.com\/fr\/wp-json\/wp\/v2\/product\/831478","targetHints":{"allow":["GET"]}}],"collection":[{"href":"https:\/\/lucacastelli.com\/fr\/wp-json\/wp\/v2\/product"}],"about":[{"href":"https:\/\/lucacastelli.com\/fr\/wp-json\/wp\/v2\/types\/product"}],"wp:featuredmedia":[{"embeddable":true,"href":"https:\/\/lucacastelli.com\/fr\/wp-json\/wp\/v2\/media\/591105"}],"wp:attachment":[{"href":"https:\/\/lucacastelli.com\/fr\/wp-json\/wp\/v2\/media?parent=831478"}],"wp:term":[{"taxonomy":"product_brand","embeddable":true,"href":"https:\/\/lucacastelli.com\/fr\/wp-json\/wp\/v2\/product_brand?post=831478"},{"taxonomy":"product_cat","embeddable":true,"href":"https:\/\/lucacastelli.com\/fr\/wp-json\/wp\/v2\/product_cat?post=831478"},{"taxonomy":"product_tag","embeddable":true,"href":"https:\/\/lucacastelli.com\/fr\/wp-json\/wp\/v2\/product_tag?post=831478"}],"curies":[{"name":"wp","href":"https:\/\/api.w.org\/{rel}","templated":true}]}}