{"id":831449,"date":"2025-08-07T20:29:28","date_gmt":"2025-08-07T18:29:28","guid":{"rendered":"https:\/\/lucacastelli.com\/prodotto\/milwaukee-cles-polygonales-doubles-coudees\/"},"modified":"2025-08-07T20:29:28","modified_gmt":"2025-08-07T18:29:28","slug":"milwaukee-cles-polygonales-doubles-coudees","status":"publish","type":"product","link":"https:\/\/lucacastelli.com\/fr\/produit\/milwaukee-cles-polygonales-doubles-coudees\/","title":{"rendered":"MILWAUKEE Cl\u00e9s polygonales doubles coud\u00e9es"},"content":{"rendered":"<p>CL\u00c9 POLYGONALE DOUBLE COUD\u00c9E 22&#215;24 mm<br \/>\nPoign\u00e9e d\u00e9cal\u00e9e de 75 degr\u00e9s pour un meilleur acc\u00e8s dans les espaces restreints;Poign\u00e9e arrondie et ergonomique pour appliquer le couple maximal;Marquages laser repass\u00e9s \u00e0 l&#8217;encre pour une meilleure visibilit\u00e9 du diam\u00e8tre;Finition chrom\u00e9e<\/p>\n<p>4932492751<br \/>\n4058546476229<\/p>\n","protected":false},"excerpt":{"rendered":"<p>CL\u00c9 POLYGONALE DOUBLE COUD\u00c9E 22&#215;24 mm<\/p>\n","protected":false},"featured_media":558353,"template":"","meta":{"_seopress_robots_primary_cat":"","_seopress_titles_title":"","_seopress_titles_desc":"","_seopress_robots_index":""},"product_brand":[3407],"product_cat":[5416,33],"product_tag":[3270],"class_list":{"0":"post-831449","1":"product","2":"type-product","3":"status-publish","4":"has-post-thumbnail","6":"product_brand-milwaukee","7":"product_cat-utensili-per-officina","8":"product_cat-attrezzature","9":"product_tag-import-milwau","10":"sws-conto-ricavi-merci-rivendita-macchinari-fr","11":"sws-gruppo-iva-iva81-fr","13":"first","14":"onbackorder","15":"sale","16":"shipping-taxable","17":"purchasable","18":"product-type-simple"},"_links":{"self":[{"href":"https:\/\/lucacastelli.com\/fr\/wp-json\/wp\/v2\/product\/831449","targetHints":{"allow":["GET"]}}],"collection":[{"href":"https:\/\/lucacastelli.com\/fr\/wp-json\/wp\/v2\/product"}],"about":[{"href":"https:\/\/lucacastelli.com\/fr\/wp-json\/wp\/v2\/types\/product"}],"wp:featuredmedia":[{"embeddable":true,"href":"https:\/\/lucacastelli.com\/fr\/wp-json\/wp\/v2\/media\/558353"}],"wp:attachment":[{"href":"https:\/\/lucacastelli.com\/fr\/wp-json\/wp\/v2\/media?parent=831449"}],"wp:term":[{"taxonomy":"product_brand","embeddable":true,"href":"https:\/\/lucacastelli.com\/fr\/wp-json\/wp\/v2\/product_brand?post=831449"},{"taxonomy":"product_cat","embeddable":true,"href":"https:\/\/lucacastelli.com\/fr\/wp-json\/wp\/v2\/product_cat?post=831449"},{"taxonomy":"product_tag","embeddable":true,"href":"https:\/\/lucacastelli.com\/fr\/wp-json\/wp\/v2\/product_tag?post=831449"}],"curies":[{"name":"wp","href":"https:\/\/api.w.org\/{rel}","templated":true}]}}