{"id":831441,"date":"2025-08-07T20:29:36","date_gmt":"2025-08-07T18:29:36","guid":{"rendered":"https:\/\/lucacastelli.com\/prodotto\/milwaukee-couteau-compact\/"},"modified":"2025-08-07T20:29:36","modified_gmt":"2025-08-07T18:29:36","slug":"milwaukee-couteau-compact","status":"publish","type":"product","link":"https:\/\/lucacastelli.com\/fr\/produit\/milwaukee-couteau-compact\/","title":{"rendered":"MILWAUKEE Couteau compact"},"content":{"rendered":"<p>COUTEAU COMPACT LAME INTERCHANGEABLE<br \/>\nOuverture simplifi\u00e9e via le bouton pr\u00e9vu \u00e0 cet effet ; Changement de lame : Via le bouton, le changement de lame est rapide et simple, pour une efficacit\u00e9 de coupe maximale ; Compact et l\u00e9ger, il permet un rangement facile dans les poches de l&#8217;utilisateur ; Clip pour ceinture ; Trou pour cordon pour \u00e9viter la perte ; Possibilit\u00e9 de monter des lames standard<\/p>\n<p>4932471356<br \/>\n4058546289843<\/p>\n","protected":false},"excerpt":{"rendered":"<p>COUTEAU COMPACT LAME INTERCHANGEABLE<\/p>\n","protected":false},"featured_media":549459,"template":"","meta":{"_seopress_robots_primary_cat":"","_seopress_titles_title":"","_seopress_titles_desc":"","_seopress_robots_index":""},"product_brand":[3407],"product_cat":[5416,33],"product_tag":[3270],"class_list":{"0":"post-831441","1":"product","2":"type-product","3":"status-publish","4":"has-post-thumbnail","6":"product_brand-milwaukee","7":"product_cat-utensili-per-officina","8":"product_cat-attrezzature","9":"product_tag-import-milwau","10":"sws-conto-ricavi-merci-rivendita-macchinari-fr","11":"sws-gruppo-iva-iva81-fr","13":"first","14":"onbackorder","15":"sale","16":"shipping-taxable","17":"purchasable","18":"product-type-simple"},"_links":{"self":[{"href":"https:\/\/lucacastelli.com\/fr\/wp-json\/wp\/v2\/product\/831441","targetHints":{"allow":["GET"]}}],"collection":[{"href":"https:\/\/lucacastelli.com\/fr\/wp-json\/wp\/v2\/product"}],"about":[{"href":"https:\/\/lucacastelli.com\/fr\/wp-json\/wp\/v2\/types\/product"}],"wp:featuredmedia":[{"embeddable":true,"href":"https:\/\/lucacastelli.com\/fr\/wp-json\/wp\/v2\/media\/549459"}],"wp:attachment":[{"href":"https:\/\/lucacastelli.com\/fr\/wp-json\/wp\/v2\/media?parent=831441"}],"wp:term":[{"taxonomy":"product_brand","embeddable":true,"href":"https:\/\/lucacastelli.com\/fr\/wp-json\/wp\/v2\/product_brand?post=831441"},{"taxonomy":"product_cat","embeddable":true,"href":"https:\/\/lucacastelli.com\/fr\/wp-json\/wp\/v2\/product_cat?post=831441"},{"taxonomy":"product_tag","embeddable":true,"href":"https:\/\/lucacastelli.com\/fr\/wp-json\/wp\/v2\/product_tag?post=831441"}],"curies":[{"name":"wp","href":"https:\/\/api.w.org\/{rel}","templated":true}]}}