{"id":831438,"date":"2025-08-07T20:29:51","date_gmt":"2025-08-07T18:29:51","guid":{"rendered":"https:\/\/lucacastelli.com\/prodotto\/milwaukee-couteau-sport-pliant-camouflage\/"},"modified":"2025-08-07T20:29:51","modified_gmt":"2025-08-07T18:29:51","slug":"milwaukee-couteau-sport-pliant-camouflage","status":"publish","type":"product","link":"https:\/\/lucacastelli.com\/fr\/produit\/milwaukee-couteau-sport-pliant-camouflage\/","title":{"rendered":"MILWAUKEE Couteau sport pliant camouflage"},"content":{"rendered":"<p>COUTEAU \u00ab SPORT \u00bb CAMOUFLAGE<br \/>\nBouton d&#8217;ouverture permettant l&#8217;utilisation d&#8217;une seule main ; Lame en acier inoxydable. Permet d&#8217;aff\u00fbter la lame plusieurs fois ; Le verrou s\u00e9curise la lame en position ouverte ; Clip ceinture pour un acc\u00e8s rapide sans ab\u00eemer les poches ; Trou pour cordon ; Dimensions compactes, facile \u00e0 ranger dans le sac \u00e0 outils <\/p>\n<p>4932492375<br \/>\n4058546417420<\/p>\n","protected":false},"excerpt":{"rendered":"<p>COUTEAU \u00ab SPORT \u00bb CAMOUFLAGE<\/p>\n","protected":false},"featured_media":556131,"template":"","meta":{"_seopress_robots_primary_cat":"","_seopress_titles_title":"","_seopress_titles_desc":"","_seopress_robots_index":""},"product_brand":[3658],"product_cat":[5417,144],"product_tag":[3273],"class_list":{"0":"post-831438","1":"product","2":"type-product","3":"status-publish","4":"has-post-thumbnail","6":"product_brand-milwaukee-fr","7":"product_cat-outils-pour-atelier","8":"product_cat-equipement","9":"product_tag-import-milwau-fr","10":"sws-conto-ricavi-merci-rivendita-macchinari-fr","11":"sws-gruppo-iva-iva81-fr","13":"first","14":"onbackorder","15":"sale","16":"shipping-taxable","17":"purchasable","18":"product-type-simple"},"_links":{"self":[{"href":"https:\/\/lucacastelli.com\/fr\/wp-json\/wp\/v2\/product\/831438","targetHints":{"allow":["GET"]}}],"collection":[{"href":"https:\/\/lucacastelli.com\/fr\/wp-json\/wp\/v2\/product"}],"about":[{"href":"https:\/\/lucacastelli.com\/fr\/wp-json\/wp\/v2\/types\/product"}],"wp:featuredmedia":[{"embeddable":true,"href":"https:\/\/lucacastelli.com\/fr\/wp-json\/wp\/v2\/media\/556131"}],"wp:attachment":[{"href":"https:\/\/lucacastelli.com\/fr\/wp-json\/wp\/v2\/media?parent=831438"}],"wp:term":[{"taxonomy":"product_brand","embeddable":true,"href":"https:\/\/lucacastelli.com\/fr\/wp-json\/wp\/v2\/product_brand?post=831438"},{"taxonomy":"product_cat","embeddable":true,"href":"https:\/\/lucacastelli.com\/fr\/wp-json\/wp\/v2\/product_cat?post=831438"},{"taxonomy":"product_tag","embeddable":true,"href":"https:\/\/lucacastelli.com\/fr\/wp-json\/wp\/v2\/product_tag?post=831438"}],"curies":[{"name":"wp","href":"https:\/\/api.w.org\/{rel}","templated":true}]}}