{"id":831434,"date":"2025-08-07T20:29:42","date_gmt":"2025-08-07T18:29:42","guid":{"rendered":"https:\/\/lucacastelli.com\/prodotto\/milwaukee-couteau-compact-pliable\/"},"modified":"2025-08-07T20:29:42","modified_gmt":"2025-08-07T18:29:42","slug":"milwaukee-couteau-compact-pliable","status":"publish","type":"product","link":"https:\/\/lucacastelli.com\/fr\/produit\/milwaukee-couteau-compact-pliable\/","title":{"rendered":"MILWAUKEE Couteau compact pliable"},"content":{"rendered":"<p>PETIT COUTEAU COMPACT LAME PLIABLE 1 pce<br \/>\nDimensions compactes pour tenir facilement dans votre poche ; Lame en acier inoxydable r\u00e9aff\u00fbtable ; La pointe ac\u00e9r\u00e9e permet une insertion facile de la lame et une coupe nette ; Verrouillage de la lame en position ouverte ; Pr\u00e9vu pour l\u2019attache d\u2019une dragonne antichute<\/p>\n<p>4932478560<br \/>\n4058546347536<\/p>\n","protected":false},"excerpt":{"rendered":"<p>PETIT COUTEAU COMPACT LAME PLIABLE 1 pce<\/p>\n","protected":false},"featured_media":541172,"template":"","meta":{"_seopress_robots_primary_cat":"","_seopress_titles_title":"","_seopress_titles_desc":"","_seopress_robots_index":""},"product_brand":[3407],"product_cat":[5416,33],"product_tag":[3270],"class_list":{"0":"post-831434","1":"product","2":"type-product","3":"status-publish","4":"has-post-thumbnail","6":"product_brand-milwaukee","7":"product_cat-utensili-per-officina","8":"product_cat-attrezzature","9":"product_tag-import-milwau","10":"sws-conto-ricavi-merci-rivendita-macchinari-fr","11":"sws-gruppo-iva-iva81-fr","13":"first","14":"onbackorder","15":"sale","16":"shipping-taxable","17":"purchasable","18":"product-type-simple"},"_links":{"self":[{"href":"https:\/\/lucacastelli.com\/fr\/wp-json\/wp\/v2\/product\/831434","targetHints":{"allow":["GET"]}}],"collection":[{"href":"https:\/\/lucacastelli.com\/fr\/wp-json\/wp\/v2\/product"}],"about":[{"href":"https:\/\/lucacastelli.com\/fr\/wp-json\/wp\/v2\/types\/product"}],"wp:featuredmedia":[{"embeddable":true,"href":"https:\/\/lucacastelli.com\/fr\/wp-json\/wp\/v2\/media\/541172"}],"wp:attachment":[{"href":"https:\/\/lucacastelli.com\/fr\/wp-json\/wp\/v2\/media?parent=831434"}],"wp:term":[{"taxonomy":"product_brand","embeddable":true,"href":"https:\/\/lucacastelli.com\/fr\/wp-json\/wp\/v2\/product_brand?post=831434"},{"taxonomy":"product_cat","embeddable":true,"href":"https:\/\/lucacastelli.com\/fr\/wp-json\/wp\/v2\/product_cat?post=831434"},{"taxonomy":"product_tag","embeddable":true,"href":"https:\/\/lucacastelli.com\/fr\/wp-json\/wp\/v2\/product_tag?post=831434"}],"curies":[{"name":"wp","href":"https:\/\/api.w.org\/{rel}","templated":true}]}}