{"id":831425,"date":"2025-08-08T12:06:37","date_gmt":"2025-08-08T10:06:37","guid":{"rendered":"https:\/\/lucacastelli.com\/prodotto\/coupe-cable-hydraulique-milwaukee-pour-cables-souterrains-m18-force-logic\/"},"modified":"2025-08-08T12:06:37","modified_gmt":"2025-08-08T10:06:37","slug":"coupe-cable-hydraulique-milwaukee-pour-cables-souterrains-m18-force-logic","status":"publish","type":"product","link":"https:\/\/lucacastelli.com\/fr\/produit\/coupe-cable-hydraulique-milwaukee-pour-cables-souterrains-m18-force-logic\/","title":{"rendered":"COUPE-C\u00c2BLE HYDRAULIQUE MILWAUKEE POUR C\u00c2BLES SOUTERRAINS M18\u2122 FORCE LOGIC\u2122"},"content":{"rendered":"<p>M18 HCC75-0C\/UT DE SECTEUR<br \/>\nFORCE LOGIC\u2122 capable de couper des c\u00e2bles en moins de 10 secondes avec une force de 77,8 kN ; Moteur POWERSTATE\u2122 con\u00e7u et construit par MILWAUKEE\u00ae, garantissant une dur\u00e9e de vie accrue et une puissance sup\u00e9rieure ; Id\u00e9al pour les c\u00e2bles en aluminium et en cuivre jusqu\u2019\u00e0 75 mm ; Conception en ligne pour un acc\u00e8s facilit\u00e9 \u00e0 l\u2019int\u00e9rieur des tranch\u00e9es ; La poign\u00e9e de support sup\u00e9rieure permet d\u2019effectuer des coupes align\u00e9es et \u00e9quilibr\u00e9es ; T\u00eate rotative \u00e0 340\u00b0 aliment\u00e9e par une pompe hydraulique de 77,8 kN ; Le syst\u00e8me ONE-KEY\u2122 Tracking &amp; Security offre gratuitement un service de suivi et de gestion d\u2019inventaire bas\u00e9 sur le cloud, avec des fonctionnalit\u00e9s de verrouillage \u00e0 distance et de rapports d\u2019application ; Le moteur sans charbon, l\u2019\u00e9lectronique REDLINK PLUS\u2122 et la batterie REDLITHIUM\u2122 offrent des performances et une durabilit\u00e9 sup\u00e9rieures ; Fonctionne avec toutes les batteries M18\u2122 MILWAUKEE\u00ae<\/p>\n<p>4933459268<br \/>\n4058546002343<\/p>\n","protected":false},"excerpt":{"rendered":"<p>M18 HCC75-0C\/UT DE SECTEUR<\/p>\n","protected":false},"featured_media":572147,"template":"","meta":{"_seopress_robots_primary_cat":"","_seopress_titles_title":"","_seopress_titles_desc":"","_seopress_robots_index":""},"product_brand":[3658],"product_cat":[5532,167,1453],"product_tag":[3273],"class_list":{"0":"post-831425","1":"product","2":"type-product","3":"status-publish","4":"has-post-thumbnail","6":"product_brand-milwaukee-fr","7":"product_cat-diverses-machines-milwaukee","8":"product_cat-machines","9":"product_cat-autres-appareils","10":"product_tag-import-milwau-fr","11":"sws-conto-ricavi-merci-rivendita-macchinari-fr","12":"sws-gruppo-iva-iva81-fr","14":"first","15":"onbackorder","16":"sale","17":"shipping-taxable","18":"purchasable","19":"product-type-simple"},"_links":{"self":[{"href":"https:\/\/lucacastelli.com\/fr\/wp-json\/wp\/v2\/product\/831425","targetHints":{"allow":["GET"]}}],"collection":[{"href":"https:\/\/lucacastelli.com\/fr\/wp-json\/wp\/v2\/product"}],"about":[{"href":"https:\/\/lucacastelli.com\/fr\/wp-json\/wp\/v2\/types\/product"}],"wp:featuredmedia":[{"embeddable":true,"href":"https:\/\/lucacastelli.com\/fr\/wp-json\/wp\/v2\/media\/572147"}],"wp:attachment":[{"href":"https:\/\/lucacastelli.com\/fr\/wp-json\/wp\/v2\/media?parent=831425"}],"wp:term":[{"taxonomy":"product_brand","embeddable":true,"href":"https:\/\/lucacastelli.com\/fr\/wp-json\/wp\/v2\/product_brand?post=831425"},{"taxonomy":"product_cat","embeddable":true,"href":"https:\/\/lucacastelli.com\/fr\/wp-json\/wp\/v2\/product_cat?post=831425"},{"taxonomy":"product_tag","embeddable":true,"href":"https:\/\/lucacastelli.com\/fr\/wp-json\/wp\/v2\/product_tag?post=831425"}],"curies":[{"name":"wp","href":"https:\/\/api.w.org\/{rel}","templated":true}]}}