{"id":831423,"date":"2025-08-08T11:18:27","date_gmt":"2025-08-08T09:18:27","guid":{"rendered":"https:\/\/lucacastelli.com\/prodotto\/milwaukee-pulverisateur-m18-switch-tank\/"},"modified":"2025-08-08T11:18:27","modified_gmt":"2025-08-08T09:18:27","slug":"milwaukee-pulverisateur-m18-switch-tank","status":"publish","type":"product","link":"https:\/\/lucacastelli.com\/fr\/produit\/milwaukee-pulverisateur-m18-switch-tank\/","title":{"rendered":"MILWAUKEE Pulv\u00e9risateur M18\u2122 SWITCH TANK\u2122"},"content":{"rendered":"<p>Pulv\u00e9risateur M18\u2122 SWITCH TANK\u2122<br \/>\nM18 BBPFP2-301 \/ PULV\u00c9RISATEUR<br \/>\nConception am\u00e9lior\u00e9e par rapport \u00e0 la g\u00e9n\u00e9ration pr\u00e9c\u00e9dente, pour maximiser le confort et la durabilit\u00e9 ; Conception du r\u00e9servoir interchangeable pour isoler la pompe, le tuyau flexible et la lance, \u00e9vitant ainsi les contaminations de produits chimiques ; Vous pouvez travailler avec plusieurs r\u00e9servoirs, avec la m\u00eame base de pulv\u00e9risateur, pour \u00e9viter les contaminations chimiques crois\u00e9es ; Aucun pompage manuel : pression \u00e9lev\u00e9e constante jusqu\u2019\u00e0 10,3 bar (149 PSI) ; 5 vitesses r\u00e9glables, pour un d\u00e9bit de 0,4 \u00e0 2,1 litres par minute ; Infatigable : jusqu\u2019\u00e0 27 r\u00e9servoirs avec 1 batterie M18 HB3 ; Fonctionne avec toutes les batteries M18\u2122 MILWAUKEE\u00ae<\/p>\n<p>4933498962<br \/>\n4058546528317<\/p>\n","protected":false},"excerpt":{"rendered":"<p>M18 BBPFP2-301 \/ PULV\u00c9RISATEUR<\/p>\n","protected":false},"featured_media":591062,"template":"","meta":{"_seopress_robots_primary_cat":"","_seopress_titles_title":"","_seopress_titles_desc":"","_seopress_robots_index":""},"product_brand":[3658],"product_cat":[167,1516,1567],"product_tag":[3273],"class_list":{"0":"post-831423","1":"product","2":"type-product","3":"status-publish","4":"has-post-thumbnail","6":"product_brand-milwaukee-fr","7":"product_cat-machines","8":"product_cat-pulverisateurs","9":"product_cat-brumisateurs-et-pulverisateurs","10":"product_tag-import-milwau-fr","11":"sws-conto-ricavi-merci-rivendita-macchinari-fr","12":"sws-gruppo-iva-iva81-fr","14":"first","15":"onbackorder","16":"sale","17":"shipping-taxable","18":"purchasable","19":"product-type-simple"},"_links":{"self":[{"href":"https:\/\/lucacastelli.com\/fr\/wp-json\/wp\/v2\/product\/831423","targetHints":{"allow":["GET"]}}],"collection":[{"href":"https:\/\/lucacastelli.com\/fr\/wp-json\/wp\/v2\/product"}],"about":[{"href":"https:\/\/lucacastelli.com\/fr\/wp-json\/wp\/v2\/types\/product"}],"wp:featuredmedia":[{"embeddable":true,"href":"https:\/\/lucacastelli.com\/fr\/wp-json\/wp\/v2\/media\/591062"}],"wp:attachment":[{"href":"https:\/\/lucacastelli.com\/fr\/wp-json\/wp\/v2\/media?parent=831423"}],"wp:term":[{"taxonomy":"product_brand","embeddable":true,"href":"https:\/\/lucacastelli.com\/fr\/wp-json\/wp\/v2\/product_brand?post=831423"},{"taxonomy":"product_cat","embeddable":true,"href":"https:\/\/lucacastelli.com\/fr\/wp-json\/wp\/v2\/product_cat?post=831423"},{"taxonomy":"product_tag","embeddable":true,"href":"https:\/\/lucacastelli.com\/fr\/wp-json\/wp\/v2\/product_tag?post=831423"}],"curies":[{"name":"wp","href":"https:\/\/api.w.org\/{rel}","templated":true}]}}